{"id":11342,"date":"2020-05-22T17:10:13","date_gmt":"2020-05-22T17:10:13","guid":{"rendered":"https:\/\/evotek.md\/?post_type=product&#038;p=11342"},"modified":"2020-05-22T17:10:13","modified_gmt":"2020-05-22T17:10:13","slug":"incalzitor-electric-pentru-friteuza-%d1%84%d1%80-4-%d1%82%d1%8d%d0%bd-151-%d0%b5-8-17-z-220","status":"publish","type":"product","link":"https:\/\/evotek.md\/ro\/produse\/piese-de-schimb\/elemente-de-incalzire\/incalzitor-electric-pentru-friteuza-%d1%84%d1%80-4-%d1%82%d1%8d%d0%bd-151-%d0%b5-8-17-z-220\/","title":{"rendered":"\u00ceNC\u0102LZITOR ELECTRIC PENTRU FRITEUZ\u0102 \u0424\u0420-4 -\u0422\u042d\u041d 151 \u0415 8\/1,7 Z 220"},"content":{"rendered":"<p><strong>\u00ceNC\u0102LZITOR ELECTRIC PENTRU FRITEUZ\u0102 \u0424\u0420-4 -\u0422\u042d\u041d 151 \u0415 8\/1,7 Z 220- <\/strong>din inox.<\/p>\n<p>Caracteristici<\/p>\n<p>Tensiune: 220 V<\/p>\n<p>&nbsp;<\/p>\n","protected":false},"excerpt":{"rendered":"<p>\u00cenc\u0103lzitor pentru friteuz\u0103. Tensiune: 220 V<\/p>\n","protected":false},"featured_media":11341,"template":"","meta":[],"_links":{"self":[{"href":"https:\/\/evotek.md\/ro\/wp-json\/wp\/v2\/product\/11342"}],"collection":[{"href":"https:\/\/evotek.md\/ro\/wp-json\/wp\/v2\/product"}],"about":[{"href":"https:\/\/evotek.md\/ro\/wp-json\/wp\/v2\/types\/product"}],"wp:featuredmedia":[{"embeddable":true,"href":"https:\/\/evotek.md\/ro\/wp-json\/wp\/v2\/media\/11341"}],"wp:attachment":[{"href":"https:\/\/evotek.md\/ro\/wp-json\/wp\/v2\/media?parent=11342"}],"curies":[{"name":"wp","href":"https:\/\/api.w.org\/{rel}","templated":true}]}}