{"id":11292,"date":"2020-05-22T15:45:53","date_gmt":"2020-05-22T15:45:53","guid":{"rendered":"https:\/\/evotek.md\/?post_type=product&#038;p=11292"},"modified":"2020-05-22T15:45:53","modified_gmt":"2020-05-22T15:45:53","slug":"incalzitor-pentru-chiuveta-%d1%82%d1%8d%d0%bd-129-%d0%b5-8-10-%d1%82-220","status":"publish","type":"product","link":"https:\/\/evotek.md\/ro\/produse\/piese-de-schimb\/elemente-de-incalzire\/incalzitor-pentru-chiuveta-%d1%82%d1%8d%d0%bd-129-%d0%b5-8-10-%d1%82-220\/","title":{"rendered":"\u00ceNC\u0102LZITOR PENTRU CHIUVET\u0102 -\u0422\u042d\u041d 129 \u0415 8\/1,0 \u0422 220"},"content":{"rendered":"<p><strong>\u00ceNC\u0102LZITOR PENTRU CHIUVET\u0102 -\u0422\u042d\u041d 129 \u0415 8\/1,0 \u0422 220- <\/strong>din inox.<\/p>\n<p>Caracteristici<\/p>\n<p>Tensiune: 220 V<\/p>\n<p>Putere: 1,0 kW<\/p>\n<p>Dimensiune: 304\u0445108\u0445118 mm<\/p>\n<p>&nbsp;<\/p>\n<p>&nbsp;<\/p>\n","protected":false},"excerpt":{"rendered":"<p>\u00cenc\u0103lzitor pentru chiuvet\u0103. Tensiune: 220 V; Putere: 1,0 kW; Dimensiune: 304\u0445108\u0445118 mm.<\/p>\n","protected":false},"featured_media":11291,"template":"","meta":[],"_links":{"self":[{"href":"https:\/\/evotek.md\/ro\/wp-json\/wp\/v2\/product\/11292"}],"collection":[{"href":"https:\/\/evotek.md\/ro\/wp-json\/wp\/v2\/product"}],"about":[{"href":"https:\/\/evotek.md\/ro\/wp-json\/wp\/v2\/types\/product"}],"wp:featuredmedia":[{"embeddable":true,"href":"https:\/\/evotek.md\/ro\/wp-json\/wp\/v2\/media\/11291"}],"wp:attachment":[{"href":"https:\/\/evotek.md\/ro\/wp-json\/wp\/v2\/media?parent=11292"}],"curies":[{"name":"wp","href":"https:\/\/api.w.org\/{rel}","templated":true}]}}