{"id":11287,"date":"2020-05-22T15:42:50","date_gmt":"2020-05-22T15:42:50","guid":{"rendered":"https:\/\/evotek.md\/?post_type=product&#038;p=11287"},"modified":"2020-05-22T15:42:51","modified_gmt":"2020-05-22T15:42:51","slug":"incalzitor-pentru-vitrina-termica-%d1%82%d1%8d%d0%bd-262-%d0%b110-13-%d1%82-220","status":"publish","type":"product","link":"https:\/\/evotek.md\/ro\/produse\/piese-de-schimb\/elemente-de-incalzire\/incalzitor-pentru-vitrina-termica-%d1%82%d1%8d%d0%bd-262-%d0%b110-13-%d1%82-220\/","title":{"rendered":"\u00ceNC\u0102LZITOR PENTRU VITRIN\u0102 TERMIC\u0102 -\u0422\u042d\u041d 262 \u041110\/1,3 \u0422 220"},"content":{"rendered":"<p><strong>\u00ceNC\u0102LZITOR PENTRU VITRIN\u0102 TERMIC\u0102 -\u0422\u042d\u041d 262 \u041110\/1,3 \u0422 220- <\/strong>din inox.<\/p>\n<p>Caracteristici<\/p>\n<p>Tensiune: 220 V<\/p>\n<p>Putere: 1,3 kW<\/p>\n<p>Dimensiune: 940\u044565 mm<\/p>\n<p>&nbsp;<\/p>\n","protected":false},"excerpt":{"rendered":"<p>\u00cenc\u0103lzitor pentru vitrina termic\u0103. Tensiune: 220 V; Putere: 1,3 kW; Dimensiune: 940\u044565 mm.<\/p>\n","protected":false},"featured_media":11286,"template":"","meta":[],"_links":{"self":[{"href":"https:\/\/evotek.md\/ro\/wp-json\/wp\/v2\/product\/11287"}],"collection":[{"href":"https:\/\/evotek.md\/ro\/wp-json\/wp\/v2\/product"}],"about":[{"href":"https:\/\/evotek.md\/ro\/wp-json\/wp\/v2\/types\/product"}],"wp:featuredmedia":[{"embeddable":true,"href":"https:\/\/evotek.md\/ro\/wp-json\/wp\/v2\/media\/11286"}],"wp:attachment":[{"href":"https:\/\/evotek.md\/ro\/wp-json\/wp\/v2\/media?parent=11287"}],"curies":[{"name":"wp","href":"https:\/\/api.w.org\/{rel}","templated":true}]}}