{"id":11277,"date":"2020-05-22T15:36:09","date_gmt":"2020-05-22T15:36:09","guid":{"rendered":"https:\/\/evotek.md\/?post_type=product&#038;p=11277"},"modified":"2020-05-22T15:36:09","modified_gmt":"2020-05-22T15:36:09","slug":"incalzitor-pentru-afumatoare-%d1%82%d1%8d%d0%bd-81-c-8_12-t-220","status":"publish","type":"product","link":"https:\/\/evotek.md\/ro\/produse\/piese-de-schimb\/elemente-de-incalzire\/incalzitor-pentru-afumatoare-%d1%82%d1%8d%d0%bd-81-c-8_12-t-220\/","title":{"rendered":"\u00ceNC\u0102LZITOR PENTRU AFUM\u0102TOARE -\u0422\u042d\u041d 81 C 8_1,2 T 220"},"content":{"rendered":"<p><strong>\u00ceNC\u0102LZITOR PENTRU AFUM\u0102TOARE -\u0422\u042d\u041d 81 C 8_1,2 T 220- <\/strong>din inox.<\/p>\n<p>Caracteristici<\/p>\n<p>Tensiune: 220 V<\/p>\n<p>Putere: 1,2 kW<\/p>\n<p>Dimensiune: 241\u0445120 mm<\/p>\n<p>&nbsp;<\/p>\n<p>&nbsp;<\/p>\n","protected":false},"excerpt":{"rendered":"<p>\u00cenc\u0103lzitor pentru afum\u0103toare. Tensiune: 220 V; Putere: 1,2 kW; Dimensiune: 241\u0445120 mm.<\/p>\n","protected":false},"featured_media":11276,"template":"","meta":[],"_links":{"self":[{"href":"https:\/\/evotek.md\/ro\/wp-json\/wp\/v2\/product\/11277"}],"collection":[{"href":"https:\/\/evotek.md\/ro\/wp-json\/wp\/v2\/product"}],"about":[{"href":"https:\/\/evotek.md\/ro\/wp-json\/wp\/v2\/types\/product"}],"wp:featuredmedia":[{"embeddable":true,"href":"https:\/\/evotek.md\/ro\/wp-json\/wp\/v2\/media\/11276"}],"wp:attachment":[{"href":"https:\/\/evotek.md\/ro\/wp-json\/wp\/v2\/media?parent=11277"}],"curies":[{"name":"wp","href":"https:\/\/api.w.org\/{rel}","templated":true}]}}