{"id":1125,"date":"2020-02-05T12:31:22","date_gmt":"2020-02-05T12:31:22","guid":{"rendered":"https:\/\/evotek.md\/?post_type=product&#038;p=1125"},"modified":"2020-02-26T09:46:08","modified_gmt":"2020-02-26T09:46:08","slug":"grill-salamandra-hkn-sal600mbm","status":"publish","type":"product","link":"https:\/\/evotek.md\/ro\/produse\/echipamente-pentru-fast-food\/grill-salamander-2\/grill-salamandra-hkn-sal600mbm\/","title":{"rendered":"GRILL SALAMANDRA HKN-SAL600MBM"},"content":{"rendered":"<p><strong>GRILL SALAMANDRA HKN-SAL600MBM<\/strong>\u00a0 &#8211; O caracteristic\u0103 a acestui grill este prezen\u021ba elementelor de \u00eenc\u0103lzire doar \u00een partea superioar\u0103 a produsului. Datorit\u0103 acestui fapt, produsul nu vine direct \u00een contact cu o suprafa\u021b\u0103 fierbinte.<\/p>\n<p>Cu ajutorul grill-ului salamandra, pute\u021bi da o crust\u0103 apetisant\u0103 c\u0103rnii, pe\u0219tilor, c\u00e2rna\u021bilor, sandwich-urilor \u0219i toasterelor. Material carcasei: o\u021bel inoxidabil; Partea superioar\u0103 mobil\u0103: 0-140 mm; Temperatur\u0103: 50-300 C \u00b0.<\/p>\n<p>Caracteristici<\/p>\n<p>Brand Hurakan<\/p>\n<p>Dimensiuni: 480x600x530 mm<\/p>\n<p>Putere: 4 kW<\/p>\n<p>Greutate net\u0103: 38,5 kg<\/p>\n","protected":false},"excerpt":{"rendered":"<p>Grill Salamandra. Dimensiuni: 480x600x530 mm; Putere: 4 kW; Greutate net\u0103: 38,5 kg; Partea superioar\u0103 mobil\u0103: 0-140 mm; Temperatur\u0103: 50-300 C \u00b0.<\/p>\n","protected":false},"featured_media":1124,"template":"","meta":[],"_links":{"self":[{"href":"https:\/\/evotek.md\/ro\/wp-json\/wp\/v2\/product\/1125"}],"collection":[{"href":"https:\/\/evotek.md\/ro\/wp-json\/wp\/v2\/product"}],"about":[{"href":"https:\/\/evotek.md\/ro\/wp-json\/wp\/v2\/types\/product"}],"wp:featuredmedia":[{"embeddable":true,"href":"https:\/\/evotek.md\/ro\/wp-json\/wp\/v2\/media\/1124"}],"wp:attachment":[{"href":"https:\/\/evotek.md\/ro\/wp-json\/wp\/v2\/media?parent=1125"}],"curies":[{"name":"wp","href":"https:\/\/api.w.org\/{rel}","templated":true}]}}