{"id":11212,"date":"2020-05-22T08:49:40","date_gmt":"2020-05-22T08:49:40","guid":{"rendered":"https:\/\/evotek.md\/?post_type=product&#038;p=11212"},"modified":"2020-05-22T08:49:40","modified_gmt":"2020-05-22T08:49:40","slug":"arzator-rotund-ego-26","status":"publish","type":"product","link":"https:\/\/evotek.md\/ro\/produse\/piese-de-schimb\/arzatoare\/arzator-rotund-ego-26\/","title":{"rendered":"ARZ\u0102TOR ROTUND EGO 2,6"},"content":{"rendered":"<p><strong>ARZ\u0102TOR ROTUND EGO 2,6- <\/strong>Se folose\u0219te ca element de suprafa\u021b\u0103 de \u00eenc\u0103lzire \u00een plite pentru alimenta\u021bia public\u0103.<\/p>\n<p>Caracteristici<\/p>\n<p>Diametru arz\u0103tor 220 mm<\/p>\n<p>&nbsp;<\/p>\n","protected":false},"excerpt":{"rendered":"<p>Arz\u0103tor rotund cu un diametru de 220 mm.<\/p>\n","protected":false},"featured_media":11211,"template":"","meta":[],"_links":{"self":[{"href":"https:\/\/evotek.md\/ro\/wp-json\/wp\/v2\/product\/11212"}],"collection":[{"href":"https:\/\/evotek.md\/ro\/wp-json\/wp\/v2\/product"}],"about":[{"href":"https:\/\/evotek.md\/ro\/wp-json\/wp\/v2\/types\/product"}],"wp:featuredmedia":[{"embeddable":true,"href":"https:\/\/evotek.md\/ro\/wp-json\/wp\/v2\/media\/11211"}],"wp:attachment":[{"href":"https:\/\/evotek.md\/ro\/wp-json\/wp\/v2\/media?parent=11212"}],"curies":[{"name":"wp","href":"https:\/\/api.w.org\/{rel}","templated":true}]}}