{"id":11175,"date":"2020-05-21T16:26:24","date_gmt":"2020-05-21T16:27:06","guid":{"rendered":"https:\/\/evotek.md\/?post_type=product&#038;p=11175"},"modified":"2023-02-23T13:40:19","modified_gmt":"2023-02-23T13:40:19","slug":"carucior-pentru-storcatoare-de-portocale-maj26-x-maj-50x-m-09360030","status":"publish","type":"product","link":"https:\/\/evotek.md\/ro\/produse\/echipamente-electromecanice\/storcatoare-electrice\/carucior-pentru-storcatoare-de-portocale-maj26-x-maj-50x-m-09360030\/","title":{"rendered":"CARUCIOR PENTRU STORCATOR DE CITRICE -M-09360030"},"content":{"rendered":"<p><strong>CARUCIOR PENTRU STORCATOR DE CITRICE -M-09360030-<\/strong> C\u0103rucior din inox pentru storc\u0103toare automate MAJ-26X \u0219i MAJ-50X. C\u0103ruciorul are o g\u0103leat\u0103 pentru toate de\u0219eurile provenite de la storc\u0103tor.<\/p>\n<p>Dimensiuni: 520x440x750 mm<\/p>\n<p>&nbsp;<\/p>\n","protected":false},"excerpt":{"rendered":"<p>C\u0103rucior pentru storc\u0103toare de portocal\u0103 cu dimensiunea de 520x440x750 mm.<\/p>\n","protected":false},"featured_media":11166,"template":"","meta":[],"_links":{"self":[{"href":"https:\/\/evotek.md\/ro\/wp-json\/wp\/v2\/product\/11175"}],"collection":[{"href":"https:\/\/evotek.md\/ro\/wp-json\/wp\/v2\/product"}],"about":[{"href":"https:\/\/evotek.md\/ro\/wp-json\/wp\/v2\/types\/product"}],"wp:featuredmedia":[{"embeddable":true,"href":"https:\/\/evotek.md\/ro\/wp-json\/wp\/v2\/media\/11166"}],"wp:attachment":[{"href":"https:\/\/evotek.md\/ro\/wp-json\/wp\/v2\/media?parent=11175"}],"curies":[{"name":"wp","href":"https:\/\/api.w.org\/{rel}","templated":true}]}}