{"id":11162,"date":"2020-05-21T16:14:23","date_gmt":"2020-05-21T16:15:22","guid":{"rendered":"https:\/\/evotek.md\/?post_type=product&#038;p=11162"},"modified":"2023-02-23T13:49:21","modified_gmt":"2023-02-23T13:49:21","slug":"storcator-automat-de-portocale-maj-26x-m-09360000","status":"publish","type":"product","link":"https:\/\/evotek.md\/ro\/produse\/echipamente-electromecanice\/storcatoare-electrice\/storcator-automat-de-portocale-maj-26x-m-09360000\/","title":{"rendered":"STORCATOR AUTOMAT DE PORTOCALE 8 kg -M-09360000"},"content":{"rendered":"<p><strong>STORC\u0102TOR AUTOMAT DE PORTOCALE<\/strong> <strong>8 kg<\/strong> <strong>&#8211;<\/strong><strong>MAJ-26X <\/strong><strong>M-09360000- <\/strong>storc\u0103tor automat de citrice este format din recipiente din inox, o cutie \u0219i un co\u0219 superior. Acest storc\u0103tor de citrice este un model compact de mas\u0103 care \u00ee\u0219i face treaba rapid \u0219i eficient. Un mare avantaj este u\u0219urin\u021ba de cur\u0103\u021bare. Storc\u0103torul automat de citrice are o capacitate maxim\u0103 de 8 kg. Cu acest dispozitiv util pute\u021bi utiliza \u00eentre 20 \u0219i 25 de portocale pe minut.<\/p>\n<p>Caracteristici<\/p>\n<p>Parametri: 400\u0445300\u0445780 mm<\/p>\n<p>Productivitate: 8 kg<\/p>\n<p>20-25 portocale pe minut<\/p>\n<p>Diametrul portocalelor: 40-90 mm<\/p>\n<p>\u00cen\u0103l\u021bimea maxim\u0103 a sticlei\/paharului: 16 cm<\/p>\n<p>Greutate net\u0103: 45 kg<\/p>\n<p>Putere: 230 V\/50 Hz\/1 faz\u0103 120 W<\/p>\n<p>&nbsp;<\/p>\n","protected":false},"excerpt":{"rendered":"<p>Storc\u0103tor automat de portocale. Parametri: 400\u0445300\u0445780 mm; Productivitate: 8 kg; 20-25 portocale pe minut; Diametrul portocalelor: 40-90 mm; \u00cen\u0103l\u021bimea maxim\u0103 a sticlei\/paharului: 16 cm; Greutate net\u0103: 45 kg; Putere: 230 V\/50 Hz\/1 faz\u0103 120 W.<\/p>\n","protected":false},"featured_media":11153,"template":"","meta":[],"_links":{"self":[{"href":"https:\/\/evotek.md\/ro\/wp-json\/wp\/v2\/product\/11162"}],"collection":[{"href":"https:\/\/evotek.md\/ro\/wp-json\/wp\/v2\/product"}],"about":[{"href":"https:\/\/evotek.md\/ro\/wp-json\/wp\/v2\/types\/product"}],"wp:featuredmedia":[{"embeddable":true,"href":"https:\/\/evotek.md\/ro\/wp-json\/wp\/v2\/media\/11153"}],"wp:attachment":[{"href":"https:\/\/evotek.md\/ro\/wp-json\/wp\/v2\/media?parent=11162"}],"curies":[{"name":"wp","href":"https:\/\/api.w.org\/{rel}","templated":true}]}}