{"id":1115,"date":"2020-02-05T11:07:02","date_gmt":"2020-02-05T11:17:50","guid":{"rendered":"https:\/\/evotek.md\/?post_type=product&#038;p=1115"},"modified":"2023-02-27T15:16:23","modified_gmt":"2023-02-27T15:16:23","slug":"vitrina-pentru-pizza-hkn-d32","status":"publish","type":"product","link":"https:\/\/evotek.md\/ro\/produse\/echipamente-pentru-fast-food\/vitrine-calde-2\/vitrina-pentru-pizza-hkn-d32\/","title":{"rendered":"VITRINA CALDA PENTRU PIZZA -HKN-D32"},"content":{"rendered":"<p><strong>VITRINA CALDA PENTRU PIZZA -HKN-D32-<\/strong> este o solu\u021bie excelent\u0103 pentru a demonstra produsul \u0219i pentru a cre\u0219te cererea pentru acesta. Pizza cald\u0103 \u0219i apetisant\u0103 dintr-o astfel de vitrin\u0103 \u00ee\u0219i va g\u0103si cu siguran\u021b\u0103 foarte repede cump\u0103r\u0103torul. Vitrina este destinat\u0103 demonstra\u021biei, \u00eenc\u0103lzirii \u0219i depozit\u0103rii pe termen scurt a produselor preparate la \u00eentreprinderile de alimenta\u021bie public\u0103 \u0219i fast-food.<\/p>\n<p>Modelul este echipat cu 4 rafturi rotunde, al c\u0103ror diametru este de 320 mm. Intervalul de temperatur\u0103 \u00een care func\u021bioneaz\u0103 aceast\u0103 vitrin\u0103 este de 50-110 \u00b0 C. Vitrina are iluminare interioar\u0103 pentru a accentua produsul de pe raft.<\/p>\n<p>Culoarea produsului poate varia de la cea prezentat\u0103 pe site.<\/p>\n<p>Caracteristici<br \/>\nLungime: 490 mm<br \/>\nLatime: 490 mm<br \/>\nInaltime: 810 mm<br \/>\nGreutate neta: 15 kg<br \/>\nGreutate brut\u0103: 37,8 kg<br \/>\nTensiune: 220V<br \/>\nPutere: 0,65 kW<br \/>\nInterval de temperatur\u0103: 30-85 \u00b0C<br \/>\nPutere: 0,65 kW<br \/>\nIluminat decorativ<br \/>\nControlul temperaturii<br \/>\n5 rafturi rotunde rotunde cu diametrul de 32 cm<\/p>\n","protected":false},"excerpt":{"rendered":"<p>Vitrin\u0103 pentru pizza cu patru rafturi. Dimensiuni: 810x490x490 mm; Putere: 0,65 kW; Greutate net\u0103: 15 kg; Diametrul rafturilor: 320 mm; Intervalul de temperatur\u0103 \u00een care func\u021bioneaz\u0103 aceast\u0103 vitrin\u0103 este de 50-110 \u00b0 C.<\/p>\n","protected":false},"featured_media":1114,"template":"","meta":[],"_links":{"self":[{"href":"https:\/\/evotek.md\/ro\/wp-json\/wp\/v2\/product\/1115"}],"collection":[{"href":"https:\/\/evotek.md\/ro\/wp-json\/wp\/v2\/product"}],"about":[{"href":"https:\/\/evotek.md\/ro\/wp-json\/wp\/v2\/types\/product"}],"wp:featuredmedia":[{"embeddable":true,"href":"https:\/\/evotek.md\/ro\/wp-json\/wp\/v2\/media\/1114"}],"wp:attachment":[{"href":"https:\/\/evotek.md\/ro\/wp-json\/wp\/v2\/media?parent=1115"}],"curies":[{"name":"wp","href":"https:\/\/api.w.org\/{rel}","templated":true}]}}