{"id":11139,"date":"2020-05-21T15:56:22","date_gmt":"2020-05-21T15:57:06","guid":{"rendered":"https:\/\/evotek.md\/?post_type=product&#038;p=11139"},"modified":"2023-02-23T15:43:24","modified_gmt":"2023-02-23T15:43:24","slug":"m-09360040","status":"publish","type":"product","link":"https:\/\/evotek.md\/ro\/produse\/echipamente-electromecanice\/storcatoare-electrice\/m-09360040\/","title":{"rendered":"STORCATOR AUTOMAT DE PORTOCALE 40 kg -M-09360040"},"content":{"rendered":"<p><strong>STORCATOR AUTOMAT DE PORTOCALE 40 kg -M-09360040- <\/strong>Este un storc\u0103tor automat de citrice, cu depunere manual\u0103 a portocalelor. Acest storc\u0103tor de citrice are o carcas\u0103 din inox \u0219i un robinet auto-servre. \u00cen plus, are \u0219i un co\u0219 superior \u0219i co\u0219uri de gunoi din inox. Storc\u0103torul automat de citrice este calculat pentru 40 kg. Aceasta \u00eenseamn\u0103 c\u0103 pute\u021bi p\u0103stra portocalele acolo. Cu acest storc\u0103tor de citrice pute\u021bi g\u0103ti 45 de portocale pe minut. Acesta este un model foarte fiabil pentru masa ta.<\/p>\n<p>Caracteristici<\/p>\n<p>Parametri: 660\u0445640\u04451770 mm<\/p>\n<p>Productivitate: 40 kg<\/p>\n<p>40-45 portocale pe minut<\/p>\n<p>Diametrul portocalelor: 40-90 mm<\/p>\n<p>\u00cen\u0103l\u021bimea maxim\u0103 a sticlei\/paharului: 35 cm<\/p>\n<p>Greutate net\u0103: 110 kg<\/p>\n<p>Putere: 230 V\/50 Hz\/1 faz\u0103 370 W<\/p>\n<p>&nbsp;<\/p>\n","protected":false},"excerpt":{"rendered":"<p>Storc\u0103tor automat pentru autoservire. Parametri: 660\u0445640\u04451770 mm; Productivitate: 40 kg; 40-45 portocale pe minut; Diametrul portocalelor: 40-90 mm; \u00cen\u0103l\u021bimea maxim\u0103 a sticlei\/paharului: 35 cm; Greutate net\u0103: 110 kg; Putere: 230 V\/50 Hz\/1 faz\u0103 370 W.<\/p>\n","protected":false},"featured_media":11130,"template":"","meta":[],"_links":{"self":[{"href":"https:\/\/evotek.md\/ro\/wp-json\/wp\/v2\/product\/11139"}],"collection":[{"href":"https:\/\/evotek.md\/ro\/wp-json\/wp\/v2\/product"}],"about":[{"href":"https:\/\/evotek.md\/ro\/wp-json\/wp\/v2\/types\/product"}],"wp:featuredmedia":[{"embeddable":true,"href":"https:\/\/evotek.md\/ro\/wp-json\/wp\/v2\/media\/11130"}],"wp:attachment":[{"href":"https:\/\/evotek.md\/ro\/wp-json\/wp\/v2\/media?parent=11139"}],"curies":[{"name":"wp","href":"https:\/\/api.w.org\/{rel}","templated":true}]}}