{"id":11111,"date":"2020-05-21T15:39:51","date_gmt":"2020-05-21T15:40:31","guid":{"rendered":"https:\/\/evotek.md\/?post_type=product&#038;p=11111"},"modified":"2023-02-23T13:57:01","modified_gmt":"2023-02-23T13:57:01","slug":"m-09300032","status":"publish","type":"product","link":"https:\/\/evotek.md\/ro\/produse\/echipamente-electromecanice\/storcatoare-electrice\/m-09300032\/","title":{"rendered":"STORCATOR AUTOMAT DE PORTOCALE 20 kg -M-09300032"},"content":{"rendered":"<p><strong>STORCATOR AUTOMAT DE PORTOCALE 20 kg -M-09300032- <\/strong>Este un storc\u0103tor automat de citrice, cu depunere manual\u0103 a portocalelor. Acest storc\u0103tor de citrice are o carcas\u0103 din inox \u0219i un robinet auto-servre. \u00cen plus, are \u0219i un co\u0219 superior \u0219i co\u0219uri de gunoi din inox. Storc\u0103torul automat de citrice este calculat pentru 20 kg. Aceasta \u00eenseamn\u0103 c\u0103 pute\u021bi p\u0103stra portocalele acolo. Cu acest storc\u0103tor de citrice pute\u021bi g\u0103ti 25 de portocale pe minut. Acesta este un model foarte fiabil pentru masa ta.<\/p>\n<p>Caracteristici<\/p>\n<p>Parametri: 450\u0445500\u04451090 mm<\/p>\n<p>Productivitate: 20 kg<\/p>\n<p>20-25 portocale pe minut<\/p>\n<p>Diametrul portocalelor: 60-80 mm<\/p>\n<p>\u00cen\u0103l\u021bimea maxim\u0103 a sticlei\/paharului: 28 cm<\/p>\n<p>Greutate net\u0103: 54 kg<\/p>\n<p>Putere: 230 V\/50 Hz\/1 faz\u0103 200 W<\/p>\n<p>&nbsp;<\/p>\n","protected":false},"excerpt":{"rendered":"<p>Storc\u0103tor automat pentru autoservire. Parametri: 450\u0445500\u04451090 mm; Productivitate: 20 kg; 20-25 portocale pe minut; Diametrul portocalelor: 60-80 mm; \u00cen\u0103l\u021bimea maxim\u0103 a sticlei\/paharului: 28 cm; Greutate net\u0103: 54 kg; Putere: 230 V\/50 Hz\/1 faz\u0103 200 W.<\/p>\n<p>&nbsp;<\/p>\n<p>&nbsp;<\/p>\n","protected":false},"featured_media":11104,"template":"","meta":[],"_links":{"self":[{"href":"https:\/\/evotek.md\/ro\/wp-json\/wp\/v2\/product\/11111"}],"collection":[{"href":"https:\/\/evotek.md\/ro\/wp-json\/wp\/v2\/product"}],"about":[{"href":"https:\/\/evotek.md\/ro\/wp-json\/wp\/v2\/types\/product"}],"wp:featuredmedia":[{"embeddable":true,"href":"https:\/\/evotek.md\/ro\/wp-json\/wp\/v2\/media\/11104"}],"wp:attachment":[{"href":"https:\/\/evotek.md\/ro\/wp-json\/wp\/v2\/media?parent=11111"}],"curies":[{"name":"wp","href":"https:\/\/api.w.org\/{rel}","templated":true}]}}