{"id":11100,"date":"2020-05-21T15:29:44","date_gmt":"2020-05-21T15:30:35","guid":{"rendered":"https:\/\/evotek.md\/?post_type=product&#038;p=11100"},"modified":"2023-02-23T15:43:10","modified_gmt":"2023-02-23T15:43:10","slug":"storcator-automat-pentru-autoservire-maj-25ss-m-09300031","status":"publish","type":"product","link":"https:\/\/evotek.md\/ro\/produse\/echipamente-electromecanice\/storcatoare-electrice\/storcator-automat-pentru-autoservire-maj-25ss-m-09300031\/","title":{"rendered":"STORCATOR AUTOMAT DE PORTOCALE 8 kg -M-09300031"},"content":{"rendered":"<p><strong>STORCATOR AUTOMAT DE PORTOCALE 8 kg -M-09300031- <\/strong>Este un storc\u0103tor automat de citrice, cu depunere manual\u0103 a portocalelor. Acest storc\u0103tor de citrice are o carcas\u0103 din inox \u0219i un robinet auto-servre. \u00cen plus, are \u0219i un co\u0219 superior \u0219i co\u0219uri de gunoi din inox. Storc\u0103torul automat de citrice este de 8 kg. Aceasta \u00eenseamn\u0103 c\u0103 pute\u021bi p\u0103stra portocalele acolo. Cu acest storc\u0103tor de citrice pute\u021bi g\u0103ti 25 de portocale pe minut. Acesta este un model foarte fiabil pentru masa ta.<\/p>\n<p>Caracteristici<\/p>\n<p>Parametri: 450x360x850 mm<\/p>\n<p>Productivitate: 8 kg<\/p>\n<p>20-25 portocale pe minut<\/p>\n<p>Diametrul portocalelor: 60-80 mm<\/p>\n<p>\u00cen\u0103l\u021bimea maxim\u0103 a sticlei\/paharului: 15 cm<\/p>\n<p>Greutate net\u0103: 44 kg<\/p>\n<p>Putere: 230 V\/50 Hz\/1 faz\u0103 200 W<\/p>\n<p>&nbsp;<\/p>\n","protected":false},"excerpt":{"rendered":"<p>Storc\u0103tor automat pentru portocale. Parametri: 450x360x850 mm; Productivitate: 8 kg; 20-25 portocale pe minut; Diametrul portocalelor: 60-80 mm; \u00cen\u0103l\u021bimea maxim\u0103 a sticlei\/paharului: 15 cm; Greutate net\u0103: 44 kg; Putere: 230 V\/50 Hz\/1 faz\u0103 200 W.<\/p>\n","protected":false},"featured_media":11093,"template":"","meta":[],"_links":{"self":[{"href":"https:\/\/evotek.md\/ro\/wp-json\/wp\/v2\/product\/11100"}],"collection":[{"href":"https:\/\/evotek.md\/ro\/wp-json\/wp\/v2\/product"}],"about":[{"href":"https:\/\/evotek.md\/ro\/wp-json\/wp\/v2\/types\/product"}],"wp:featuredmedia":[{"embeddable":true,"href":"https:\/\/evotek.md\/ro\/wp-json\/wp\/v2\/media\/11093"}],"wp:attachment":[{"href":"https:\/\/evotek.md\/ro\/wp-json\/wp\/v2\/media?parent=11100"}],"curies":[{"name":"wp","href":"https:\/\/api.w.org\/{rel}","templated":true}]}}