{"id":11086,"date":"2020-05-21T14:33:18","date_gmt":"2020-05-21T14:33:18","guid":{"rendered":"https:\/\/evotek.md\/?post_type=product&#038;p=11086"},"modified":"2020-05-21T14:33:18","modified_gmt":"2020-05-21T14:33:18","slug":"masina-de-preparat-frisca-2-l-100-l-h-m-09505000","status":"publish","type":"product","link":"https:\/\/evotek.md\/ro\/produse\/echipamente-pentru-bar-si-cafea\/masina-de-preparat-frisca\/masina-de-preparat-frisca-2-l-100-l-h-m-09505000\/","title":{"rendered":"MA\u0218IN\u0102 DE PREPARAT FRI\u0218C\u0102 2 L-100 L\/ h -M-09505000"},"content":{"rendered":"<p><strong>MA\u0218IN\u0102 DE PREPARAT FRI\u0218C\u0102 2 L-100 L\/ h -M-09505000- <\/strong>compact\u0103 \u0219i u\u0219or de utilizat. Recipientul de 2 litri este demontabil \u0219i este r\u0103cit indirect. Potrivit pentru producerea a 100 de litri de fri\u0219c\u0103 pe or\u0103. Corp, rezervor \u0219i cuva sunt din inox. Temperatura constant\u0103 a cremei lichide este de 4 grade C. Afi\u0219aj digital exact al temperaturii.<\/p>\n<p>Caracteristici<\/p>\n<p>Capacitate de produc\u021bie: 100 litri pe or\u0103<\/p>\n<p>Recipient deta\u0219abil: 2,0 L<\/p>\n<p>Sistem de r\u0103cire eficient: R134a<\/p>\n<p>Greutate net\u0103: 26 kg<\/p>\n<p>Dimensiuni: 250x410x400 mm<\/p>\n<p>Conexiune: 230 V\/50 Hz \/ 1 faz\u0103 300 W<\/p>\n<p>&nbsp;<\/p>\n","protected":false},"excerpt":{"rendered":"<p>Ma\u0219in\u0103 de preparat fri\u0219c\u0103 cu o capacitate de 100 litri pe or\u0103. Dimensiuni: 250x410x400 mm; Sistem de r\u0103cire eficient: R134a; Greutate net\u0103: 26 kg.<\/p>\n","protected":false},"featured_media":11079,"template":"","meta":[],"_links":{"self":[{"href":"https:\/\/evotek.md\/ro\/wp-json\/wp\/v2\/product\/11086"}],"collection":[{"href":"https:\/\/evotek.md\/ro\/wp-json\/wp\/v2\/product"}],"about":[{"href":"https:\/\/evotek.md\/ro\/wp-json\/wp\/v2\/types\/product"}],"wp:featuredmedia":[{"embeddable":true,"href":"https:\/\/evotek.md\/ro\/wp-json\/wp\/v2\/media\/11079"}],"wp:attachment":[{"href":"https:\/\/evotek.md\/ro\/wp-json\/wp\/v2\/media?parent=11086"}],"curies":[{"name":"wp","href":"https:\/\/api.w.org\/{rel}","templated":true}]}}