{"id":11036,"date":"2020-05-21T08:37:28","date_gmt":"2020-05-21T08:38:20","guid":{"rendered":"https:\/\/evotek.md\/?post_type=product&#038;p=11036"},"modified":"2023-07-11T11:52:07","modified_gmt":"2023-07-11T11:52:07","slug":"masina-de-umplut-carnati-automata-20-l-verticala-m-09300458","status":"publish","type":"product","link":"https:\/\/evotek.md\/ro\/produse\/echipamente-electromecanice\/masina-de-umplut-carnati\/masina-de-umplut-carnati-automata-20-l-verticala-m-09300458\/","title":{"rendered":"MASINA DE UMPLUT CARNATI, ELECTRICA, 20 LITRI (vertical) -M-09300458"},"content":{"rendered":"<p><strong>MASINA DE UMPLUT CARNATI, ELECTRICA, 20 LITRI (vertical) -M-09300458-<\/strong> Este destinat form\u0103rii c\u00e2rna\u021bilor folosind carne tocat\u0103 preparat\u0103. Toate elementele de baz\u0103 sunt fabricate din inox de \u00eenalt\u0103 calitate. Capacitatea recipientului pentru carne tocat\u0103, de asemenea din inox, este de 20 de litri. Dispozitivul include 4 duze cu diametrul: 16, 22, 32 \u0438 38 mm. Ideal pentru utilizarea \u00een hoteluri, restaurante, cantine \u0219i altele.<\/p>\n<p>Caracteristici<\/p>\n<p>Parametri: 430x330x810 mm<\/p>\n<p>10 viteze pentru o dozare perfect\u0103<\/p>\n<p>Greutate net\u0103: 43 kg<\/p>\n<p>Dimensiunile cilindrului: 275&#215;410 mm<\/p>\n<p>Diametrul buteliei de ie\u0219ire: \u00d850 mm<\/p>\n<p>Conexiune: 230 V\/50 Hz\/ 1 faz\u0103 120 W<\/p>\n<p>&nbsp;<\/p>\n","protected":false},"excerpt":{"rendered":"<p>Ma\u0219in\u0103 de umplut c\u00e2rna\u021bi, cu capacitatea recipientului pentru carne tocat\u0103 de 20 litri. Modelul are dimensiuni de 430x330x810 mm; Greutate: 43 kg; Dimensiunile cilindrului: 275&#215;410 mm.<\/p>\n","protected":false},"featured_media":11021,"template":"","meta":[],"_links":{"self":[{"href":"https:\/\/evotek.md\/ro\/wp-json\/wp\/v2\/product\/11036"}],"collection":[{"href":"https:\/\/evotek.md\/ro\/wp-json\/wp\/v2\/product"}],"about":[{"href":"https:\/\/evotek.md\/ro\/wp-json\/wp\/v2\/types\/product"}],"wp:featuredmedia":[{"embeddable":true,"href":"https:\/\/evotek.md\/ro\/wp-json\/wp\/v2\/media\/11021"}],"wp:attachment":[{"href":"https:\/\/evotek.md\/ro\/wp-json\/wp\/v2\/media?parent=11036"}],"curies":[{"name":"wp","href":"https:\/\/api.w.org\/{rel}","templated":true}]}}