{"id":1098,"date":"2020-02-05T10:47:37","date_gmt":"2020-02-05T10:50:03","guid":{"rendered":"https:\/\/evotek.md\/?post_type=product&#038;p=1098"},"modified":"2023-02-27T15:15:23","modified_gmt":"2023-02-27T15:15:23","slug":"vitrina-calda-hkn-wd20b","status":"publish","type":"product","link":"https:\/\/evotek.md\/ro\/produse\/echipamente-pentru-fast-food\/vitrine-calde-2\/vitrina-calda-hkn-wd20b\/","title":{"rendered":"VITRINA CALDA -HKN-WD20B"},"content":{"rendered":"<p><strong>VITRINA CALDA -HKN-WD20B-<\/strong> este o solu\u021bie excelent\u0103 pentru\u00a0 a demonstra produsul \u0219i pentru a cre\u0219te cererea pentru acesta.<\/p>\n<p>M\u00e2ncarea cald\u0103 \u0219i gustoas\u0103 dintr-o astfel de vitrin\u0103 \u00ee\u0219i va g\u0103si cu siguran\u021b\u0103 foarte repede cump\u0103r\u0103torul.<\/p>\n<p>Vitrina este destinat\u0103 demonstra\u021biei, \u00eenc\u0103lzirii \u0219i depozit\u0103rii pe termen scurt a produselor preparate la \u00eentreprinderile de alimenta\u021bie public\u0103 \u0219i fast-food. Modelul este echipat cu 3 rafturi-gr\u0103tare.<\/p>\n<p>Carcasa este fabricat\u0103 din metal vopsit. Intervalul de temperatur\u0103 \u00een care func\u021bioneaz\u0103 aceast\u0103 vitrin\u0103 este de 30-110 \u00b0 C. Puterea consumat\u0103 de dispozitiv este de 0,62 kW. Tensiunea de alimentare &#8211; 230 V.<\/p>\n<p>Culoarea produsului poate varia de la cea prezentat\u0103 pe site.<\/p>\n<p>Caracteristici<\/p>\n<p>Brand Hurakan<\/p>\n<p>Dimensiuni: 610x450x660 mm<\/p>\n<p>Putere: 0,62 kW<\/p>\n<p>Greutate net\u0103: 19,3 kg<\/p>\n","protected":false},"excerpt":{"rendered":"<p>Vitrin\u0103 cald\u0103 cu trei rafturi gr\u0103tare. Dimensiuni: 610x450x660 mm; Putere: 0,62 kW; Greutate net\u0103: 19,3 kg; Intervalul de temperatur\u0103 \u00een care func\u021bioneaz\u0103 aceast\u0103 vitrin\u0103 este de 30-110 \u00b0 C.<\/p>\n","protected":false},"featured_media":1097,"template":"","meta":[],"_links":{"self":[{"href":"https:\/\/evotek.md\/ro\/wp-json\/wp\/v2\/product\/1098"}],"collection":[{"href":"https:\/\/evotek.md\/ro\/wp-json\/wp\/v2\/product"}],"about":[{"href":"https:\/\/evotek.md\/ro\/wp-json\/wp\/v2\/types\/product"}],"wp:featuredmedia":[{"embeddable":true,"href":"https:\/\/evotek.md\/ro\/wp-json\/wp\/v2\/media\/1097"}],"wp:attachment":[{"href":"https:\/\/evotek.md\/ro\/wp-json\/wp\/v2\/media?parent=1098"}],"curies":[{"name":"wp","href":"https:\/\/api.w.org\/{rel}","templated":true}]}}