{"id":1093,"date":"2020-02-05T10:42:41","date_gmt":"2020-02-05T10:44:53","guid":{"rendered":"https:\/\/evotek.md\/?post_type=product&#038;p=1093"},"modified":"2024-07-03T13:04:11","modified_gmt":"2024-07-03T13:04:11","slug":"vitrina-calda-hkn-wd2","status":"publish","type":"product","link":"https:\/\/evotek.md\/ro\/produse\/echipamente-pentru-fast-food\/vitrine-calde-2\/vitrina-calda-hkn-wd2\/","title":{"rendered":"VITRINA CALDA DE MASA, 120 LITRI mm -HKN-WD2"},"content":{"rendered":"<p><strong>VITRINA CALDA DE MASA, 120 LITRI mm -HKN-WD2-<\/strong> mm este o solu\u021bie excelent\u0103 pentru\u00a0 a demonstra produsul \u0219i pentru a cre\u0219te cererea pentru acesta.<\/p>\n<p>Produsele calde \u0219i apetisante dintr-o astfel de vitrin\u0103 \u00ee\u0219i vor g\u0103si cu siguran\u021b\u0103 foarte repede cump\u0103r\u0103torul.<\/p>\n<p>Vitrina este destinat\u0103 demonstra\u021biei, \u00eenc\u0103lzirii \u0219i depozit\u0103rii pe termen scurt a produselor preparate la \u00eentreprinderile de alimenta\u021bie public\u0103 \u0219i fast-food. Modelul este echipat cu dou\u0103 rafturi-gr\u0103tare reglabile \u00een \u00een\u0103l\u021bime.<\/p>\n<p>Carcasa este fabricat\u0103 din metal vopsit. Intervalul de temperatur\u0103 \u00een care func\u021bioneaz\u0103 aceast\u0103 vitrin\u0103 este de 30-80 \u00b0 C.\u00a0 Puterea consumat\u0103 de dispozitiv este de 0,84 kW. Tensiunea de alimentare &#8211; 230 V.<\/p>\n<p>Culoarea produsului poate varia de la cea prezentat\u0103 pe site.<\/p>\n<p>Caracteristici<br \/>\nLungime: 660 mm<br \/>\nLatime: 466 mm<br \/>\nInaltime: 610 mm<br \/>\nGreutate neta: 18 kg<br \/>\nGreutate brut\u0103: 22,8 kg<br \/>\nTensiune: 220V<br \/>\nPutere: 0,84 kW<br \/>\nMaterial carcasa: metal vopsit<br \/>\nRafturi cu zabrele: 2 buc<br \/>\nPalet pe baza raftului: 2 buc<br \/>\nInterval de temperatur\u0103: 30-80 \u00b0C<\/p>\n","protected":false},"excerpt":{"rendered":"<p>Vitrin\u0103 cald\u0103 cu dou\u0103 rafturi-grilate reglabile \u00een \u00een\u0103l\u021bime. Dimensiuni: 610x660x466 mm; Putere: 0,84 kW; Greutate net\u0103:18 kg; Intervalul de temperatur\u0103 \u00een care func\u021bioneaz\u0103 aceast\u0103 vitrin\u0103 este de 30-80 \u00b0 C.<\/p>\n","protected":false},"featured_media":1092,"template":"","meta":[],"_links":{"self":[{"href":"https:\/\/evotek.md\/ro\/wp-json\/wp\/v2\/product\/1093"}],"collection":[{"href":"https:\/\/evotek.md\/ro\/wp-json\/wp\/v2\/product"}],"about":[{"href":"https:\/\/evotek.md\/ro\/wp-json\/wp\/v2\/types\/product"}],"wp:featuredmedia":[{"embeddable":true,"href":"https:\/\/evotek.md\/ro\/wp-json\/wp\/v2\/media\/1092"}],"wp:attachment":[{"href":"https:\/\/evotek.md\/ro\/wp-json\/wp\/v2\/media?parent=1093"}],"curies":[{"name":"wp","href":"https:\/\/api.w.org\/{rel}","templated":true}]}}