{"id":1088,"date":"2020-02-05T10:33:46","date_gmt":"2020-02-05T10:39:16","guid":{"rendered":"https:\/\/evotek.md\/?post_type=product&#038;p=1088"},"modified":"2023-02-27T15:13:57","modified_gmt":"2023-02-27T15:13:57","slug":"vitrina-calda-hkn-wd1","status":"publish","type":"product","link":"https:\/\/evotek.md\/ro\/produse\/echipamente-pentru-fast-food\/vitrine-calde-2\/vitrina-calda-hkn-wd1\/","title":{"rendered":"VITRINA CALDA -HKN-WD1"},"content":{"rendered":"<p><strong>VITRINA CALDA -HKN-WD1-<\/strong> este o solu\u021bie excelent\u0103 pentru\u00a0 a demonstra produsul \u0219i pentru a cre\u0219te cererea pentru acesta. Produsele calde \u0219i apetisante dintr-o astfel de vitrin\u0103 \u00ee\u0219i vor g\u0103si cu siguran\u021b\u0103 foarte repede cump\u0103r\u0103torul.<\/p>\n<p>Vitrina este destinat\u0103 demonstra\u021biei, \u00eenc\u0103lzirii \u0219i depozit\u0103rii pe termen scurt a produselor preparate la \u00eentreprinderile de alimenta\u021bie public\u0103 \u0219i fast-food. Modelul este echipat cu 3 rafturi-gr\u0103tare reglabile \u00een \u00een\u0103l\u021bime.<\/p>\n<p>Pentru a face mai atractive produsele amplasate \u00een vitrin\u0103, exist\u0103 o lumin\u0103 decorativ\u0103 de fundal. Carcasa este fabricat\u0103 din\u00a0 inox. Intervalul de temperatur\u0103 \u00een care func\u021bioneaz\u0103 aceast\u0103 vitrin\u0103 este de 30-110 \u00b0 C.<\/p>\n<p>Culoarea produsului poate varia de la cea prezentat\u0103 pe site.<\/p>\n<p>Caracteristici<br \/>\nLungime: 350 mm<br \/>\nLatime: 425 mm<br \/>\nInaltime: 500 mm<br \/>\nGreutate neta: 11 kg<br \/>\nGreutate bruta: 17 kg<br \/>\nTensiune: 220V<br \/>\nPutere: 0,85 kW<br \/>\nMaterial carcasa: otel inoxidabil<br \/>\nRafturi cu zabrele: 3 buc<\/p>\n","protected":false},"excerpt":{"rendered":"<p>Vitrin\u0103 cald\u0103 pentru expunere produse cu trei rafturi cu zabrele. Dimensiuni: 500x350x425 mm; Putere: 0,85 kW. Intervalul de temperatur\u0103 \u00een care func\u021bioneaz\u0103 aceast\u0103 vitrin\u0103 este de 30-110 \u00b0 C.<\/p>\n","protected":false},"featured_media":1087,"template":"","meta":[],"_links":{"self":[{"href":"https:\/\/evotek.md\/ro\/wp-json\/wp\/v2\/product\/1088"}],"collection":[{"href":"https:\/\/evotek.md\/ro\/wp-json\/wp\/v2\/product"}],"about":[{"href":"https:\/\/evotek.md\/ro\/wp-json\/wp\/v2\/types\/product"}],"wp:featuredmedia":[{"embeddable":true,"href":"https:\/\/evotek.md\/ro\/wp-json\/wp\/v2\/media\/1087"}],"wp:attachment":[{"href":"https:\/\/evotek.md\/ro\/wp-json\/wp\/v2\/media?parent=1088"}],"curies":[{"name":"wp","href":"https:\/\/api.w.org\/{rel}","templated":true}]}}