{"id":1083,"date":"2020-02-05T10:25:16","date_gmt":"2020-02-05T10:29:54","guid":{"rendered":"https:\/\/evotek.md\/?post_type=product&#038;p=1083"},"modified":"2024-07-03T13:03:55","modified_gmt":"2024-07-03T13:03:55","slug":"vitrina-calda-hkn-wd3m","status":"publish","type":"product","link":"https:\/\/evotek.md\/ro\/produse\/echipamente-pentru-fast-food\/vitrine-calde-2\/vitrina-calda-hkn-wd3m\/","title":{"rendered":"VITRINA CALDA DE MASA, 120 LITRI mm -HKN-WD3M"},"content":{"rendered":"<p><strong>VITRINA CALDA DE MASA, 120 LITRI mm -HKN-WD3M-<\/strong> este o solu\u021bie excelent\u0103 pentru\u00a0 a demonstra produsul \u0219i pentru a cre\u0219te cererea pentru acesta. M\u00e2ncarea cald\u0103 \u0219i gustoas\u0103 dintr-o astfel de vitrin\u0103 \u00ee\u0219i va g\u0103si cu siguran\u021b\u0103 foarte repede cump\u0103r\u0103torul.<\/p>\n<p>Vitrina este destinat\u0103 demonstra\u021biei, \u00eenc\u0103lzirii \u0219i depozit\u0103rii pe termen scurt a produselor preparate la \u00eentreprinderile de alimenta\u021bie public\u0103 \u0219i fast-food. Modelul este echipat cu 3 rafturi-gr\u0103tare reglabile \u00een \u00een\u0103l\u021bime \u0219i o tav\u0103 cu ap\u0103.<\/p>\n<p>Carcasa este fabricat\u0103 din inox. Intervalul de temperatur\u0103 \u00een care func\u021bioneaz\u0103 aceast\u0103 vitrin\u0103 este de 30-110 \u00b0 C. Puterea consumat\u0103 de dispozitiv este de 1,84 kW. Tensiunea de alimentare &#8211; 230 V.<\/p>\n<p>Culoarea produsului poate varia de la cea prezentat\u0103 pe site.<\/p>\n<p>Caracteristici<br \/>\nLungime: 655 mm<br \/>\nLatime: 437 mm<br \/>\nInaltime: 610 mm<br \/>\nGreutate neta: 32,2 kg<br \/>\nGreutate brut\u0103: 32,2 kg<br \/>\nTensiune: 220V<br \/>\nPutere: 1,84 kW<br \/>\nDimensiuni totale: 660x437x635 mm<br \/>\nInterval de temperatur\u0103: 30-85 \u00b0C<br \/>\nDimensiune raft: 578x315mm<br \/>\nMaterial carcasa: metal vopsit<\/p>\n","protected":false},"excerpt":{"rendered":"<p>Vitrin\u0103 cald\u0103 pentru expunere cu trei rafturi-grilate. Dimensiuni: 660x437x635 mm; Putere: 1,84 kW; Tensiune: 230 V; Intervalul de temperatur\u0103 \u00een care func\u021bioneaz\u0103 aceast\u0103 vitrin\u0103 este de 30-110 \u00b0 C.<\/p>\n","protected":false},"featured_media":1082,"template":"","meta":[],"_links":{"self":[{"href":"https:\/\/evotek.md\/ro\/wp-json\/wp\/v2\/product\/1083"}],"collection":[{"href":"https:\/\/evotek.md\/ro\/wp-json\/wp\/v2\/product"}],"about":[{"href":"https:\/\/evotek.md\/ro\/wp-json\/wp\/v2\/types\/product"}],"wp:featuredmedia":[{"embeddable":true,"href":"https:\/\/evotek.md\/ro\/wp-json\/wp\/v2\/media\/1082"}],"wp:attachment":[{"href":"https:\/\/evotek.md\/ro\/wp-json\/wp\/v2\/media?parent=1083"}],"curies":[{"name":"wp","href":"https:\/\/api.w.org\/{rel}","templated":true}]}}