{"id":10691,"date":"2020-05-13T16:01:17","date_gmt":"2020-05-13T16:01:49","guid":{"rendered":"https:\/\/evotek.md\/?post_type=product&#038;p=10691"},"modified":"2022-04-19T14:40:33","modified_gmt":"2022-04-19T14:40:33","slug":"masa-din-inox-cu-marginea-ridicata-2000x600-mm-m-09300995","status":"publish","type":"product","link":"https:\/\/evotek.md\/ro\/produse\/mobila-din-inox\/mese-din-inox\/mese-demontabile-cu-bordur-la-perete\/masa-din-inox-cu-marginea-ridicata-2000x600-mm-m-09300995\/","title":{"rendered":"MASA DIN INOX CU BLAT SI BORDUR 2000&#215;600 mm\/ M-09300995"},"content":{"rendered":"<p><strong>MASA DIN INOX CU BLAT SI BORDUR <\/strong> <strong>2000&#215;600 mm\/ M-09300995- <\/strong>Mesele de lucru sunt rezistente cu blaturi din inox. Ele sunt u\u0219or de asamblat \u0219i u\u0219or de cur\u0103\u021bat. Tavele pot transporta 150-200 kg, iar picioarele sunt reglabile \u00een \u00een\u0103l\u021bime. Aceste mese sunt un avantaj al oric\u0103rei buc\u0103t\u0103rii profesionale. Col\u021burile sunt sudate \u0219i lustruite.<\/p>\n<p>Mesele din inox sunt utilizate pe scar\u0103 larg\u0103 \u00een industria alimentar\u0103, \u00een \u0219coli, gr\u0103dini\u021be, cantine, restaurante \u0219i diverse \u00eentreprinderi de alimenta\u021bie public\u0103. Mesele din inox sunt foarte r\u0103sp\u00e2ndite. Popularitatea produselor este asociat\u0103 cu multe dintre avantajele pe care le ofer\u0103 mobilierul din inox: Fiabilitate- produsele din inox sunt deosebit de durabile, stabile din punct de vedere structural; Durabilitatea- caracteristicile materialului de fabrica\u021bie, permit utilizarea unor astfel de modele mult timp; \u00ce\u0219i p\u0103streaz\u0103 aspectul ini\u021bial mai mult de un an; Rezisten\u021ba la coroziune; U\u0219or de \u00eengrijit- inoxul nu necesit\u0103 \u00eengrijiri special.<\/p>\n<p>Caracteristici<\/p>\n<p>Dimensiunile mesei: 2000&#215;600 mm<\/p>\n<p>Capacitatea: 150-200 kg<\/p>\n<p>Picioare p\u0103trate: 40&#215;40 mm<\/p>\n<p>\u00cen\u0103l\u021bime maxim\u0103: 850-900 mm<\/p>\n<p>&nbsp;<\/p>\n","protected":false},"excerpt":{"rendered":"<p>Mas\u0103 din inox cu blat cu dimensiunea de 2000&#215;600 mm. Capacitatea: 150-200 kg; Picioare p\u0103trate: 40&#215;40 mm; \u00cen\u0103l\u021bime maxim\u0103: 850-900 mm.<\/p>\n<p>Mesele se execut\u0103 individual dup\u0103 cerin\u021bele clientului.<\/p>\n","protected":false},"featured_media":10663,"template":"","meta":[],"_links":{"self":[{"href":"https:\/\/evotek.md\/ro\/wp-json\/wp\/v2\/product\/10691"}],"collection":[{"href":"https:\/\/evotek.md\/ro\/wp-json\/wp\/v2\/product"}],"about":[{"href":"https:\/\/evotek.md\/ro\/wp-json\/wp\/v2\/types\/product"}],"wp:featuredmedia":[{"embeddable":true,"href":"https:\/\/evotek.md\/ro\/wp-json\/wp\/v2\/media\/10663"}],"wp:attachment":[{"href":"https:\/\/evotek.md\/ro\/wp-json\/wp\/v2\/media?parent=10691"}],"curies":[{"name":"wp","href":"https:\/\/api.w.org\/{rel}","templated":true}]}}