{"id":1068,"date":"2020-02-05T08:24:14","date_gmt":"2020-02-05T08:30:32","guid":{"rendered":"https:\/\/evotek.md\/?post_type=product&#038;p=1068"},"modified":"2023-03-03T12:05:43","modified_gmt":"2023-03-03T12:05:43","slug":"aparat-pentru-waffle-hkn-ges4m","status":"publish","type":"product","link":"https:\/\/evotek.md\/ro\/produse\/echipamente-pentru-fast-food\/aparate-pentru-vafe\/aparat-pentru-waffle-hkn-ges4m\/","title":{"rendered":"APARAT ELECTRIC PENTRU VAFE BELGIENE, 1 BUCATA SUBTIRE (ROTUNDA) -HKN-GES4M"},"content":{"rendered":"<p><strong>APARAT ELECTRIC PENTRU VAFE BELGIENE, 1 BUCATA SUBTIRE (ROTUNDA) -HKN-GES4M- <\/strong>destinat pentru a prepara waffle sub\u021biri clasice. \u00cen complect cu dispozitivul este un con special pentru formarea conurilor pentru \u00eenghe\u021bat\u0103. Ideal pentru cafenele, patiserii, cafenele de tip fast-food, marketuri.<br \/>\nCarcasa dispozitivului este fabricat\u0103 din inox. Suprafa\u021ba de lucru este din font\u0103 \u0219i este \u00eenc\u0103lzit\u0103 uniform. Diametrul suprafe\u021bei este de 210 mm.<\/p>\n<p>Temperatura de \u00eenc\u0103lzire este de 50-300 C. Modelul men\u021bine automat temperatura setat\u0103. Pe panoul de control sunt amplasate: indicator de \u00eenc\u0103lzire, cronometru, regulator de temperatur\u0103. Dispozitivul are dimensiuni de 250x360x270 mm. Este conectat la o re\u021bea de 230 V. Puterea este de 1 kW.<\/p>\n<p>Caracteristici<\/p>\n<p>Brand Hurakan<\/p>\n<p>Dimensiuni: 250x360x270 mm<\/p>\n<p>Putere: 1 kW<\/p>\n<p>Conectare: 320 V<\/p>\n<p>Greutate net\u0103: 6,4 kg<\/p>\n","protected":false},"excerpt":{"rendered":"<p>Aparat pentru waffle sub\u021biri pentru formare in con, cu o suprafa\u021b\u0103 de lucru. Dimensiuni: 270x250x360 mm; Putere: 1 kW; Conectare 230 V; Diametrul suprafe\u021bei este de 210 mm; Temperatura de \u00eenc\u0103lzire este de 50-300 C.<\/p>\n","protected":false},"featured_media":1067,"template":"","meta":[],"_links":{"self":[{"href":"https:\/\/evotek.md\/ro\/wp-json\/wp\/v2\/product\/1068"}],"collection":[{"href":"https:\/\/evotek.md\/ro\/wp-json\/wp\/v2\/product"}],"about":[{"href":"https:\/\/evotek.md\/ro\/wp-json\/wp\/v2\/types\/product"}],"wp:featuredmedia":[{"embeddable":true,"href":"https:\/\/evotek.md\/ro\/wp-json\/wp\/v2\/media\/1067"}],"wp:attachment":[{"href":"https:\/\/evotek.md\/ro\/wp-json\/wp\/v2\/media?parent=1068"}],"curies":[{"name":"wp","href":"https:\/\/api.w.org\/{rel}","templated":true}]}}