{"id":10601,"date":"2020-05-13T09:59:27","date_gmt":"2020-05-13T09:59:27","guid":{"rendered":"https:\/\/evotek.md\/?post_type=product&#038;p=10601"},"modified":"2021-01-26T09:54:33","modified_gmt":"2021-01-26T09:54:33","slug":"crepier-pentru-clatite-cp-2-m-09300560","status":"publish","type":"product","link":"https:\/\/evotek.md\/ro\/produse\/echipamente-pentru-fast-food\/crepiere\/crepier-pentru-clatite-cp-2-m-09300560\/","title":{"rendered":"CREPIER PENTRU CL\u0102TITE CP 2 -M-09300560"},"content":{"rendered":"<p><strong>CREPIER PENTRU CL\u0102TITE<\/strong> <strong>CP 2<\/strong><strong> -M-09300560- <\/strong>Este folosit pentru pr\u0103jirea cl\u0103titelor rotunde. Crepierul are un design solid \u0219i u\u0219or de utilizat. Acest model este echipat cu dou\u0103 suprafe\u021be de lucru. Carcasa modelului este din inox, suprafa\u021b\u0103 de lucru din font\u0103 cu acoperire antiaderent\u0103. Echipament excelent pentru utilizare \u00een buc\u0103t\u0103riile profesionale.<\/p>\n<p>Caracteristici<\/p>\n<p>Suprafa\u021b\u0103 neted\u0103 din font\u0103: \u00d8 400 mm<\/p>\n<p>Distribu\u021bie optim\u0103 a c\u0103ldurii<\/p>\n<p>Termostat variabil: 0 \u00b0 C p\u00e2n\u0103 la 300 \u00b0 C<\/p>\n<p>Indicator de temperatur\u0103<\/p>\n<p>Greutate net\u0103: 40 kg<\/p>\n<p>Dimensiuni: 870x490x230 mm<\/p>\n<p>Conexiune: 230 V\/50 Hz\/1 faz\u0103 3000 W<\/p>\n<p>&nbsp;<\/p>\n<p>&nbsp;<\/p>\n","protected":false},"excerpt":{"rendered":"<p>Crepier electric profesional cu o suprafa\u021b\u0103 din font\u0103 de 400 mm. Distribu\u021bie optim\u0103 a c\u0103ldurii; Termostat variabil: 0 \u00b0 C p\u00e2n\u0103 la 300 \u00b0 C; Indicator de temperatur\u0103; Greutate net\u0103: 40 kg; Dimensiuni: 870x490x230 mm; Conexiune: 230 V\/50 Hz\/1 faz\u0103 3000 W.<\/p>\n","protected":false},"featured_media":10592,"template":"","meta":[],"_links":{"self":[{"href":"https:\/\/evotek.md\/ro\/wp-json\/wp\/v2\/product\/10601"}],"collection":[{"href":"https:\/\/evotek.md\/ro\/wp-json\/wp\/v2\/product"}],"about":[{"href":"https:\/\/evotek.md\/ro\/wp-json\/wp\/v2\/types\/product"}],"wp:featuredmedia":[{"embeddable":true,"href":"https:\/\/evotek.md\/ro\/wp-json\/wp\/v2\/media\/10592"}],"wp:attachment":[{"href":"https:\/\/evotek.md\/ro\/wp-json\/wp\/v2\/media?parent=10601"}],"curies":[{"name":"wp","href":"https:\/\/api.w.org\/{rel}","templated":true}]}}