{"id":1058,"date":"2020-02-05T08:11:37","date_gmt":"2020-02-05T08:15:32","guid":{"rendered":"https:\/\/evotek.md\/?post_type=product&#038;p=1058"},"modified":"2023-07-24T08:31:27","modified_gmt":"2023-07-24T08:31:27","slug":"aparat-pentru-waffle-hkn-ges2m","status":"publish","type":"product","link":"https:\/\/evotek.md\/ro\/produse\/echipamente-pentru-fast-food\/aparate-pentru-vafe\/aparat-pentru-waffle-hkn-ges2m\/","title":{"rendered":"APARAT ELECTRIC PENTRU VAFE BELGIENE, 4 BUCATI (PATRAT) -HKN-GES2M"},"content":{"rendered":"<p><strong>APARAT ELECTRIC PENTRU VAFE BELGIENE, 4 BUCATI (PATRAT) -HKN-GES2M- <\/strong>este pe larg utilizat \u00een cafenele, baruri, fast-food-uri, care au in meniu o gam\u0103 larg\u0103 de waffle \u0219i gogo\u0219i. Acest model este echipat cu o suprafa\u021b\u0103 de lucru \u0219i o form\u0103 dreptunghiular\u0103.<\/p>\n<p>Carcasa este fabricat\u0103 din inox, iar suprafe\u021bele de pr\u0103jire sunt din font\u0103. Este conectat la o re\u021bea de 230 V. Consumul maxim de energie este de 1,6 kW. Greutatea total\u0103 a echipamentului este de 7,9 kg.<\/p>\n<p>Caracteristici<\/p>\n<p>Brand Hurakan<\/p>\n<p>Dimensiuni: 250x300x380 mm<\/p>\n<p>Putere: 1,6 kW<\/p>\n<p>Conectare: 230 V<\/p>\n<p>Greutate net\u0103: 7,9 kg<\/p>\n<p>Dimensiune vafe:100x100x15 mm<\/p>\n","protected":false},"excerpt":{"rendered":"<p>Aparat pentru waffle cu form\u0103 p\u0103trat\u0103. Dimensiuni: 250x300x380 mm; Putere: 1,6 kW; Conectare: 230 V; Dimensiune vafe:100x100x15 mm.<\/p>\n","protected":false},"featured_media":1057,"template":"","meta":[],"_links":{"self":[{"href":"https:\/\/evotek.md\/ro\/wp-json\/wp\/v2\/product\/1058"}],"collection":[{"href":"https:\/\/evotek.md\/ro\/wp-json\/wp\/v2\/product"}],"about":[{"href":"https:\/\/evotek.md\/ro\/wp-json\/wp\/v2\/types\/product"}],"wp:featuredmedia":[{"embeddable":true,"href":"https:\/\/evotek.md\/ro\/wp-json\/wp\/v2\/media\/1057"}],"wp:attachment":[{"href":"https:\/\/evotek.md\/ro\/wp-json\/wp\/v2\/media?parent=1058"}],"curies":[{"name":"wp","href":"https:\/\/api.w.org\/{rel}","templated":true}]}}