{"id":10549,"date":"2020-05-13T09:38:42","date_gmt":"2020-05-13T09:39:17","guid":{"rendered":"https:\/\/evotek.md\/?post_type=product&#038;p=10549"},"modified":"2023-03-03T14:51:45","modified_gmt":"2023-03-03T14:51:45","slug":"masa-frigorifica-pentru-pizza-m-09400208","status":"publish","type":"product","link":"https:\/\/evotek.md\/ro\/produse\/echipamente-frigorifice\/masa-frigider-pentru-pizza\/masa-frigorifica-pentru-pizza-m-09400208\/","title":{"rendered":"MASA FRIGORIFICA CU BLAT DIN GRANIT SI SALADETA, 3 USI, 400 LITRI -M-09400208"},"content":{"rendered":"<p><strong>MASA FRIGORIFICA CU BLAT DIN GRANIT SI SALADETA, 3 USI, 400 LITRI -M-09400208- <\/strong>Masa frigorific\u0103 pentru pizza cu un design luxos din inox cu blaturi din granit. Facilit\u0103\u021bi: Control digital al temperaturii; Sistem de r\u0103cire cu ventilator; Dezghetare automat\u0103; Dotat cu un capac de sticl\u0103.<\/p>\n<p>Caracteristici<\/p>\n<p>Capacitate pentru GN: 8\u04451\/6<\/p>\n<p>Capacitate: 400 L<\/p>\n<p>Agent frigorific: R290a\/ CFC-free<\/p>\n<p>Grosime de izolare: 35 mm<\/p>\n<p>Temperatur\u0103: 0 \u00b0 la + 10 \u00b0 Celsius<\/p>\n<p>Greutate net\u0103: 155 kg<\/p>\n<p>Dimensiuni interne: 1295x595x500 mm<\/p>\n<p>Dimensiuni externe: 1365x700x1100 mm<\/p>\n<p>Conexiune: 230 V\/50 Hz\/ 1 faz\u0103 230 W<\/p>\n<p>&nbsp;<\/p>\n","protected":false},"excerpt":{"rendered":"<p>Mas\u0103 frigorific\u0103 pentru pizza cu 3 u\u0219i. Capacitate pentru GN: 8\u04451\/6; Capacitate: 400 L; Agent frigorific: R290a\/ CFC-free; Grosime de izolare: 35 mm; Temperatur\u0103: 0 \u00b0 la + 10 \u00b0 Celsius; Greutate net\u0103: 155 kg; Dimensiuni interne: 1295x595x500 mm; Dimensiuni externe: 1365x700x1100 mm; Conexiune: 230 V\/50 Hz\/ 1 faz\u0103 230 W.<\/p>\n","protected":false},"featured_media":10540,"template":"","meta":[],"_links":{"self":[{"href":"https:\/\/evotek.md\/ro\/wp-json\/wp\/v2\/product\/10549"}],"collection":[{"href":"https:\/\/evotek.md\/ro\/wp-json\/wp\/v2\/product"}],"about":[{"href":"https:\/\/evotek.md\/ro\/wp-json\/wp\/v2\/types\/product"}],"wp:featuredmedia":[{"embeddable":true,"href":"https:\/\/evotek.md\/ro\/wp-json\/wp\/v2\/media\/10540"}],"wp:attachment":[{"href":"https:\/\/evotek.md\/ro\/wp-json\/wp\/v2\/media?parent=10549"}],"curies":[{"name":"wp","href":"https:\/\/api.w.org\/{rel}","templated":true}]}}