{"id":1053,"date":"2020-02-05T08:03:04","date_gmt":"2020-02-05T08:08:16","guid":{"rendered":"https:\/\/evotek.md\/?post_type=product&#038;p=1053"},"modified":"2023-03-03T11:50:55","modified_gmt":"2023-03-03T11:50:55","slug":"aparat-pentru-waffle-hkn-ges2l","status":"publish","type":"product","link":"https:\/\/evotek.md\/ro\/produse\/echipamente-pentru-fast-food\/aparate-pentru-vafe\/aparat-pentru-waffle-hkn-ges2l\/","title":{"rendered":"APARAT ELECTRIC PENTRU VAFE BELGIENE, 2 BUCATI (DREPTUNGHI) -HKN-GES2L"},"content":{"rendered":"<p><strong>APARAT ELECTRIC PENTRU VAFE BELGIENE, 2 BUCATI (DREPTUNGHI) -HKN-GES2L- <\/strong>este destinat preg\u0103tirii waffelor belgiene cu o mare varietate de umpluturi.<br \/>\nAcest aparat este folosit \u00een locuri publice, comer\u021b \u0219i industria alimentar\u0103 \u00een cafenele de tip fast-food. De asemenea, este potrivit pentru uz casnic fiind foarte compact.<\/p>\n<p>Carcasa dispozitivului este realizat\u0103 din\u00a0 inox de \u00eenalt\u0103 calitate, suprafa\u021ba de pr\u0103jire este fabricat\u0103 din font\u0103.<br \/>\nDispozitivul este echipat cu un termostat reglabil, care opre\u0219te \u0219i porne\u0219te sursa de alimentare electric\u0103 c\u00e2nd se atinge o anumit\u0103 temperatur\u0103 setat\u0103 de c\u0103tre utilizator.<\/p>\n<p>Caracteristici ale modelului: dimensiunea unei pl\u0103ci: 160&#215;100 mm num\u0103r de sec\u021biuni de lucru: 1; tip de plac\u0103: dreptunghiular\u0103. Dimensiunile modelului: 305x382x233 mm. Puterea este de 1,8 kW; Tensiunea &#8211; 230 V.<\/p>\n<p>Caracteristici<\/p>\n<p>Brand Hurakan<\/p>\n<p>Dimensiuni: 305x382x233 mm<\/p>\n<p>Putere: 1,8 kW<\/p>\n<p>Tensiune: 230 V<\/p>\n<p>Greutate net\u0103: 8,9 kg<\/p>\n","protected":false},"excerpt":{"rendered":"<p>Aparat pentru waffle belgiene de tip dreptunghiular.\u00a0Putere: 1,8 kW; Tensiune: 230 V; Dimensiunea unei pl\u0103ci: 160&#215;100 mm; Num\u0103r de sec\u021biuni de lucru: 1.<\/p>\n","protected":false},"featured_media":1050,"template":"","meta":[],"_links":{"self":[{"href":"https:\/\/evotek.md\/ro\/wp-json\/wp\/v2\/product\/1053"}],"collection":[{"href":"https:\/\/evotek.md\/ro\/wp-json\/wp\/v2\/product"}],"about":[{"href":"https:\/\/evotek.md\/ro\/wp-json\/wp\/v2\/types\/product"}],"wp:featuredmedia":[{"embeddable":true,"href":"https:\/\/evotek.md\/ro\/wp-json\/wp\/v2\/media\/1050"}],"wp:attachment":[{"href":"https:\/\/evotek.md\/ro\/wp-json\/wp\/v2\/media?parent=1053"}],"curies":[{"name":"wp","href":"https:\/\/api.w.org\/{rel}","templated":true}]}}