{"id":10497,"date":"2020-05-13T09:24:25","date_gmt":"2020-05-13T09:24:49","guid":{"rendered":"https:\/\/evotek.md\/?post_type=product&#038;p=10497"},"modified":"2023-08-23T10:58:40","modified_gmt":"2023-08-23T10:58:40","slug":"tava-gastronom-gn-2-3-h-200-mm-st-115200","status":"publish","type":"product","link":"https:\/\/evotek.md\/ro\/produse\/accesorii-si-inventar-bucatarie\/containere-gn\/tava-gastronom-gn-2-3-h-200-mm-st-115200\/","title":{"rendered":"CONTAINER INOX GN2\/3 h200 mm (18 litri) -ST-115200"},"content":{"rendered":"<p><strong>CONTAINER INOX GN2\/3 h200 mm (18 litri) -ST-115200- <\/strong>Recipientele gastronormice sunt un atribut integral al unei buc\u0103t\u0103rii profesionale. Acestea sunt destinate depozit\u0103rii, transport\u0103rii produselor alimentare, pentru afi\u0219area \u00eentr-o vitrin\u0103 sau a unei cafenele, uneori folosite pentru g\u0103tirea m\u00e2nc\u0103rurilor, de exemplu, sosuri. Recipientele gastronormice sunt fabricate din inox de \u00eenalt\u0103 calitate.<\/p>\n<p>Caracteristici<\/p>\n<p>Dimensiune: GN 2\/3<\/p>\n<p>Parametri: 325x354x200 mm<\/p>\n<p>Volumul: 18 L<\/p>\n<p>Material: inox<\/p>\n<p>&nbsp;<\/p>\n<p>&nbsp;<\/p>\n","protected":false},"excerpt":{"rendered":"<p>Container inox GN 2\/3, h-200 mm. Parametri: 325x354x200 mm; Volum: 18 L; Material: inox.<\/p>\n","protected":false},"featured_media":10474,"template":"","meta":[],"_links":{"self":[{"href":"https:\/\/evotek.md\/ro\/wp-json\/wp\/v2\/product\/10497"}],"collection":[{"href":"https:\/\/evotek.md\/ro\/wp-json\/wp\/v2\/product"}],"about":[{"href":"https:\/\/evotek.md\/ro\/wp-json\/wp\/v2\/types\/product"}],"wp:featuredmedia":[{"embeddable":true,"href":"https:\/\/evotek.md\/ro\/wp-json\/wp\/v2\/media\/10474"}],"wp:attachment":[{"href":"https:\/\/evotek.md\/ro\/wp-json\/wp\/v2\/media?parent=10497"}],"curies":[{"name":"wp","href":"https:\/\/api.w.org\/{rel}","templated":true}]}}