{"id":1048,"date":"2020-02-05T07:50:44","date_gmt":"2020-02-05T07:59:53","guid":{"rendered":"https:\/\/evotek.md\/?post_type=product&#038;p=1048"},"modified":"2023-07-17T12:16:33","modified_gmt":"2023-07-17T12:16:33","slug":"aparat-pentru-waffle-hkn-ges5hk","status":"publish","type":"product","link":"https:\/\/evotek.md\/ro\/produse\/echipamente-pentru-fast-food\/aparate-pentru-vafe\/aparat-pentru-waffle-hkn-ges5hk\/","title":{"rendered":"APARAT ELECTRIC PENTRU VAFE BUBBLE, 1 BUCATA -HKN-GES5HK"},"content":{"rendered":"<p><strong>APARAT ELECTRIC PENTRU VAFE BUBBLE, 1 BUCATA\u00a0 -HKN-GES5HK-<\/strong> Ideal pentru cafenele, patiserii, cafenele de fast-food sau marketuri. Acest aparat este conceput pentru prepararea waffelor ca \u00een Hong Kong. Carcasa dispozitivului este din o\u021bel inoxidabil. Suprafa\u021ba de lucru este rotund\u0103, se \u00eenc\u0103lze\u0219te uniform \u0219i este fabricat\u0103 din font\u0103.<\/p>\n<p>Temperatura de \u00eenc\u0103lzire este de 50-300 C. Modelul men\u021bine automat temperatura setat\u0103. Pe panoul de control sunt amplasate: indicator de \u00eenc\u0103lzire, cronometru, regulator de temperatur\u0103. Dispozitivul are dimensiunile 420x225x290 mm. Este conectat la o re\u021bea de 230 V. Puterea este de 1,4 kW.<\/p>\n<p>Caracteristici<\/p>\n<p>Brand Hurakan<\/p>\n<p>Dimenstiuni: 420x225x290 mm.<\/p>\n<p>Putere: 1,4 kW<\/p>\n<p>Voltaj: 230 V<\/p>\n<p>Greutate net\u0103: 5,3 kg<\/p>\n","protected":false},"excerpt":{"rendered":"<p>Aparat pentru bubble waffle. Dimensiuni: 420x225x290 mm; Putere: 1,4 kW; Voltaj: 230 V; Temperatura de \u00eenc\u0103lzire este de 50-300 C.<\/p>\n","protected":false},"featured_media":1047,"template":"","meta":[],"_links":{"self":[{"href":"https:\/\/evotek.md\/ro\/wp-json\/wp\/v2\/product\/1048"}],"collection":[{"href":"https:\/\/evotek.md\/ro\/wp-json\/wp\/v2\/product"}],"about":[{"href":"https:\/\/evotek.md\/ro\/wp-json\/wp\/v2\/types\/product"}],"wp:featuredmedia":[{"embeddable":true,"href":"https:\/\/evotek.md\/ro\/wp-json\/wp\/v2\/media\/1047"}],"wp:attachment":[{"href":"https:\/\/evotek.md\/ro\/wp-json\/wp\/v2\/media?parent=1048"}],"curies":[{"name":"wp","href":"https:\/\/api.w.org\/{rel}","templated":true}]}}