{"id":10470,"date":"2020-05-13T09:12:52","date_gmt":"2020-05-13T09:13:29","guid":{"rendered":"https:\/\/evotek.md\/?post_type=product&#038;p=10470"},"modified":"2023-08-23T10:41:54","modified_gmt":"2023-08-23T10:41:54","slug":"tava-gastronom-gn-2-1-h-200-mm-st-117200","status":"publish","type":"product","link":"https:\/\/evotek.md\/ro\/produse\/accesorii-si-inventar-bucatarie\/containere-gn\/tava-gastronom-gn-2-1-h-200-mm-st-117200\/","title":{"rendered":"CONTAINER INOX GN2\/1 h200 mm (58 litri) -ST-117200"},"content":{"rendered":"<p><strong>CONTAINER INOX GN2\/1 h200 mm (58 litri) -ST-117200- <\/strong>Recipientele gastronormice sunt un atribut integral al unei buc\u0103t\u0103rii profesionale. Acestea sunt destinate depozit\u0103rii, transport\u0103rii produselor alimentare, pentru afi\u0219area \u00eentr-o vitrin\u0103 sau a unei cafenele, uneori folosite pentru g\u0103tirea m\u00e2nc\u0103rurilor, de exemplu, sosuri. Recipientele gastronormice sunt fabricate din inox de \u00eenalt\u0103 calitate.<\/p>\n<p>Caracteristici<\/p>\n<p>Dimensiune: GN 2\/1<\/p>\n<p>Parametri: 650x530x200 mm<\/p>\n<p>Volumul: 58 L<\/p>\n<p>Material: inox<\/p>\n<p>&nbsp;<\/p>\n","protected":false},"excerpt":{"rendered":"<p>Container inox GN 2\/1, h-200 mm. Parametri: 650x530x200 mm; Volum: 58 L; Material: inox.<\/p>\n","protected":false},"featured_media":10469,"template":"","meta":[],"_links":{"self":[{"href":"https:\/\/evotek.md\/ro\/wp-json\/wp\/v2\/product\/10470"}],"collection":[{"href":"https:\/\/evotek.md\/ro\/wp-json\/wp\/v2\/product"}],"about":[{"href":"https:\/\/evotek.md\/ro\/wp-json\/wp\/v2\/types\/product"}],"wp:featuredmedia":[{"embeddable":true,"href":"https:\/\/evotek.md\/ro\/wp-json\/wp\/v2\/media\/10469"}],"wp:attachment":[{"href":"https:\/\/evotek.md\/ro\/wp-json\/wp\/v2\/media?parent=10470"}],"curies":[{"name":"wp","href":"https:\/\/api.w.org\/{rel}","templated":true}]}}