{"id":10465,"date":"2020-05-13T09:11:29","date_gmt":"2020-05-13T09:11:53","guid":{"rendered":"https:\/\/evotek.md\/?post_type=product&#038;p=10465"},"modified":"2023-08-23T10:41:28","modified_gmt":"2023-08-23T10:41:28","slug":"tava-gastronom-gn-2-1-h-150-mm-st-117150","status":"publish","type":"product","link":"https:\/\/evotek.md\/ro\/produse\/accesorii-si-inventar-bucatarie\/containere-gn\/tava-gastronom-gn-2-1-h-150-mm-st-117150\/","title":{"rendered":"CONTAINER INOX GN2\/1 h150 mm (42 litri) -ST-117150"},"content":{"rendered":"<p><strong>CONTAINER INOX GN2\/1 h150 mm (42 litri) -ST-117150- <\/strong>Recipientele gastronormice sunt un atribut integral al unei buc\u0103t\u0103rii profesionale. Acestea sunt destinate depozit\u0103rii, transport\u0103rii produselor alimentare, pentru afi\u0219area \u00eentr-o vitrin\u0103 sau a unei cafenele, uneori folosite pentru g\u0103tirea m\u00e2nc\u0103rurilor, de exemplu, sosuri. Recipientele gastronormice sunt fabricate din inox de \u00eenalt\u0103 calitate.<\/p>\n<p>Caracteristici<\/p>\n<p>Dimensiune: GN 2\/1<\/p>\n<p>Parametri: 650x530x150 mm<\/p>\n<p>Volumul: 42 L<\/p>\n<p>Material: inox<\/p>\n<p>&nbsp;<\/p>\n","protected":false},"excerpt":{"rendered":"<p>Contauner inox GN 2\/1, h-150 mm. Parametri: 650x530x150 mm; Volum: 42 L; Material: inox.<\/p>\n","protected":false},"featured_media":10464,"template":"","meta":[],"_links":{"self":[{"href":"https:\/\/evotek.md\/ro\/wp-json\/wp\/v2\/product\/10465"}],"collection":[{"href":"https:\/\/evotek.md\/ro\/wp-json\/wp\/v2\/product"}],"about":[{"href":"https:\/\/evotek.md\/ro\/wp-json\/wp\/v2\/types\/product"}],"wp:featuredmedia":[{"embeddable":true,"href":"https:\/\/evotek.md\/ro\/wp-json\/wp\/v2\/media\/10464"}],"wp:attachment":[{"href":"https:\/\/evotek.md\/ro\/wp-json\/wp\/v2\/media?parent=10465"}],"curies":[{"name":"wp","href":"https:\/\/api.w.org\/{rel}","templated":true}]}}