{"id":10457,"date":"2020-05-13T09:06:46","date_gmt":"2020-05-13T09:07:20","guid":{"rendered":"https:\/\/evotek.md\/?post_type=product&#038;p=10457"},"modified":"2023-08-23T11:03:18","modified_gmt":"2023-08-23T11:03:18","slug":"st-119106","status":"publish","type":"product","link":"https:\/\/evotek.md\/ro\/produse\/accesorii-si-inventar-bucatarie\/containere-gn\/st-119106\/","title":{"rendered":"CONTAINER INOX GN1\/9 h100 mm (0,8 litri) -ST-119106"},"content":{"rendered":"<p><strong>CONTAINER INOX GN1\/9 h100 mm (0,8 litri) -ST-119106- <\/strong>Recipientele gastronormice sunt un atribut integral al unei buc\u0103t\u0103rii profesionale. Acestea sunt destinate depozit\u0103rii, transport\u0103rii produselor alimentare, pentru afi\u0219area \u00eentr-o vitrin\u0103 sau a unei cafenele, uneori folosite pentru g\u0103tirea m\u00e2nc\u0103rurilor, de exemplu, sosuri. Recipientele gastronormice sunt fabricate din inox de \u00eenalt\u0103 calitate.<\/p>\n<p>Caracteristici<\/p>\n<p>Dimensiune: GN 1\/9<\/p>\n<p>Parametri: 176x108x100 mm<\/p>\n<p>Volumul: 0,8 L<\/p>\n<p>Material: inox<\/p>\n<p>&nbsp;<\/p>\n<p>&nbsp;<\/p>\n","protected":false},"excerpt":{"rendered":"<p>Container inox GN 1\/9, h-100 mm. Parametri: 176x108x100 mm; Volum: 0,8 L; Material: inox.<\/p>\n","protected":false},"featured_media":10456,"template":"","meta":[],"_links":{"self":[{"href":"https:\/\/evotek.md\/ro\/wp-json\/wp\/v2\/product\/10457"}],"collection":[{"href":"https:\/\/evotek.md\/ro\/wp-json\/wp\/v2\/product"}],"about":[{"href":"https:\/\/evotek.md\/ro\/wp-json\/wp\/v2\/types\/product"}],"wp:featuredmedia":[{"embeddable":true,"href":"https:\/\/evotek.md\/ro\/wp-json\/wp\/v2\/media\/10456"}],"wp:attachment":[{"href":"https:\/\/evotek.md\/ro\/wp-json\/wp\/v2\/media?parent=10457"}],"curies":[{"name":"wp","href":"https:\/\/api.w.org\/{rel}","templated":true}]}}