{"id":10431,"date":"2020-05-11T12:37:55","date_gmt":"2020-05-11T12:38:29","guid":{"rendered":"https:\/\/evotek.md\/?post_type=product&#038;p=10431"},"modified":"2022-04-28T11:06:36","modified_gmt":"2022-04-28T11:06:36","slug":"tava-gastronom-gn-1-6-eco-h-150-mm-st-116151","status":"publish","type":"product","link":"https:\/\/evotek.md\/ro\/produse\/accesorii-si-inventar-bucatarie\/containere-gn\/tava-gastronom-gn-1-6-eco-h-150-mm-st-116151\/","title":{"rendered":"CONTAINER INOX GN 1\/6 ECO, h-150 mm, ST-116151"},"content":{"rendered":"<p><strong>CONTAINER INOX GN 1\/6 ECO, h-150 <\/strong><strong>mm<\/strong><strong>, S<\/strong><strong>T-<\/strong><strong>116151- <\/strong>Recipientele gastronormice sunt un atribut integral al unei buc\u0103t\u0103rii profesionale. Acestea sunt destinate depozit\u0103rii, transport\u0103rii produselor alimentare, pentru afi\u0219area \u00eentr-o vitrin\u0103 sau a unei cafenele, uneori folosite pentru g\u0103tirea m\u00e2nc\u0103rurilor, de exemplu, sosuri. Recipientele gastronormice sunt fabricate din inox de \u00eenalt\u0103 calitate.<\/p>\n<p>Caracteristici<\/p>\n<p>Dimensiune: GN 1\/6<\/p>\n<p>Parametri: 176x162x150 mm<\/p>\n<p>Volumul: 2 L<\/p>\n<p>Material: inox<\/p>\n<p>&nbsp;<\/p>\n","protected":false},"excerpt":{"rendered":"<p>Cintainer inox GN 1\/6 ECO, h-150 mm. Parametri: 176x162x150 mm; Volum: 2 L; Material: inox.<\/p>\n","protected":false},"featured_media":10415,"template":"","meta":[],"_links":{"self":[{"href":"https:\/\/evotek.md\/ro\/wp-json\/wp\/v2\/product\/10431"}],"collection":[{"href":"https:\/\/evotek.md\/ro\/wp-json\/wp\/v2\/product"}],"about":[{"href":"https:\/\/evotek.md\/ro\/wp-json\/wp\/v2\/types\/product"}],"wp:featuredmedia":[{"embeddable":true,"href":"https:\/\/evotek.md\/ro\/wp-json\/wp\/v2\/media\/10415"}],"wp:attachment":[{"href":"https:\/\/evotek.md\/ro\/wp-json\/wp\/v2\/media?parent=10431"}],"curies":[{"name":"wp","href":"https:\/\/api.w.org\/{rel}","templated":true}]}}