{"id":10419,"date":"2020-05-11T10:20:07","date_gmt":"2020-05-11T10:21:13","guid":{"rendered":"https:\/\/evotek.md\/?post_type=product&#038;p=10419"},"modified":"2023-08-23T11:07:59","modified_gmt":"2023-08-23T11:07:59","slug":"tava-gastronom-gn-1-6-eco-h-65-mm-st-116061","status":"publish","type":"product","link":"https:\/\/evotek.md\/ro\/produse\/accesorii-si-inventar-bucatarie\/containere-gn\/tava-gastronom-gn-1-6-eco-h-65-mm-st-116061\/","title":{"rendered":"CONTAINER INOX GN1\/6 h65 mm ECO (1 litri) -ST-116061"},"content":{"rendered":"<p><strong>CONTAINER INOX GN1\/6 h65 mm ECO (1 litri) -ST-116061- <\/strong>Recipientele gastronormice sunt un atribut integral al unei buc\u0103t\u0103rii profesionale. Acestea sunt destinate depozit\u0103rii, transport\u0103rii produselor alimentare, pentru afi\u0219area \u00eentr-o vitrin\u0103 sau a unei cafenele, uneori folosite pentru g\u0103tirea m\u00e2nc\u0103rurilor, de exemplu, sosuri. Recipientele gastronormice sunt fabricate din inox de \u00eenalt\u0103 calitate.<\/p>\n<p>Caracteristici<\/p>\n<p>Dimensiune: GN 1\/6<\/p>\n<p>Parametri: 176x162x65 mm<\/p>\n<p>Volumul: 1 L<\/p>\n<p>Material: inox<\/p>\n<p>&nbsp;<\/p>\n","protected":false},"excerpt":{"rendered":"<p>Container inox GN 1\/6 ECO, h-65 mm. Parametri: 176x162x65 mm; Volum: 1 L; Material: inox.<\/p>\n","protected":false},"featured_media":10415,"template":"","meta":[],"_links":{"self":[{"href":"https:\/\/evotek.md\/ro\/wp-json\/wp\/v2\/product\/10419"}],"collection":[{"href":"https:\/\/evotek.md\/ro\/wp-json\/wp\/v2\/product"}],"about":[{"href":"https:\/\/evotek.md\/ro\/wp-json\/wp\/v2\/types\/product"}],"wp:featuredmedia":[{"embeddable":true,"href":"https:\/\/evotek.md\/ro\/wp-json\/wp\/v2\/media\/10415"}],"wp:attachment":[{"href":"https:\/\/evotek.md\/ro\/wp-json\/wp\/v2\/media?parent=10419"}],"curies":[{"name":"wp","href":"https:\/\/api.w.org\/{rel}","templated":true}]}}