{"id":10401,"date":"2020-05-11T09:50:52","date_gmt":"2020-05-11T09:51:54","guid":{"rendered":"https:\/\/evotek.md\/?post_type=product&#038;p=10401"},"modified":"2023-08-23T11:14:07","modified_gmt":"2023-08-23T11:14:07","slug":"tava-gastronom-gn-1-4-h-150-mm-st-114150","status":"publish","type":"product","link":"https:\/\/evotek.md\/ro\/produse\/accesorii-si-inventar-bucatarie\/containere-gn\/tava-gastronom-gn-1-4-h-150-mm-st-114150\/","title":{"rendered":"CONTAINER INOX GN1\/4 h150 mm (3,6 litri) -ST-114150"},"content":{"rendered":"<p><strong>CONTAINER INOX GN1\/4 h150 mm (3,6 litri) -ST-114150- <\/strong>Recipientele gastronormice sunt un atribut integral al unei buc\u0103t\u0103rii profesionale. Acestea sunt destinate depozit\u0103rii, transport\u0103rii produselor alimentare, pentru afi\u0219area \u00eentr-o vitrin\u0103 sau a unei cafenele, uneori folosite pentru g\u0103tirea m\u00e2nc\u0103rurilor, de exemplu, sosuri. Recipientele gastronormice sunt fabricate din inox de \u00eenalt\u0103 calitate.<\/p>\n<p>Caracteristici<\/p>\n<p>Dimensiune: GN 1\/4<\/p>\n<p>Parametri: 265x162x150 mm<\/p>\n<p>Volumul: 3,6 L<\/p>\n<p>Material: inox<\/p>\n<p>&nbsp;<\/p>\n<p>&nbsp;<\/p>\n","protected":false},"excerpt":{"rendered":"<p>Container inox GN 1\/4, h-150 mm. Parametri: 265x162x150 mm; Volum: 3,6 L; Material: inox.<\/p>\n","protected":false},"featured_media":19791,"template":"","meta":[],"_links":{"self":[{"href":"https:\/\/evotek.md\/ro\/wp-json\/wp\/v2\/product\/10401"}],"collection":[{"href":"https:\/\/evotek.md\/ro\/wp-json\/wp\/v2\/product"}],"about":[{"href":"https:\/\/evotek.md\/ro\/wp-json\/wp\/v2\/types\/product"}],"wp:featuredmedia":[{"embeddable":true,"href":"https:\/\/evotek.md\/ro\/wp-json\/wp\/v2\/media\/19791"}],"wp:attachment":[{"href":"https:\/\/evotek.md\/ro\/wp-json\/wp\/v2\/media?parent=10401"}],"curies":[{"name":"wp","href":"https:\/\/api.w.org\/{rel}","templated":true}]}}