{"id":10395,"date":"2020-05-11T09:37:55","date_gmt":"2020-05-11T09:39:13","guid":{"rendered":"https:\/\/evotek.md\/?post_type=product&#038;p=10395"},"modified":"2023-08-23T11:13:07","modified_gmt":"2023-08-23T11:13:07","slug":"tava-gastronom-gn-1-4-h-100-mm-st-114100","status":"publish","type":"product","link":"https:\/\/evotek.md\/ro\/produse\/accesorii-si-inventar-bucatarie\/containere-gn\/tava-gastronom-gn-1-4-h-100-mm-st-114100\/","title":{"rendered":"CONTAINER INOX GN1\/4 h100 mm (2,8 litri) -ST-114100"},"content":{"rendered":"<p><strong>CONTAINER INOX GN1\/4 h100 mm (2,8 litri) -ST-114100- <\/strong>Recipientele gastronormice sunt un atribut integral al unei buc\u0103t\u0103rii profesionale. Acestea sunt destinate depozit\u0103rii, transport\u0103rii produselor alimentare, pentru afi\u0219area \u00eentr-o vitrin\u0103 sau a unei cafenele, uneori folosite pentru g\u0103tirea m\u00e2nc\u0103rurilor, de exemplu, sosuri. Recipientele gastronormice sunt fabricate din inox de \u00eenalt\u0103 calitate.<\/p>\n<p>Caracteristici<\/p>\n<p>Dimensiune: GN 1\/4<\/p>\n<p>Parametri: 265x162x100 mm<\/p>\n<p>Volumul: 2,8 L<\/p>\n<p>Material: inox<\/p>\n<p>&nbsp;<\/p>\n<p>&nbsp;<\/p>\n","protected":false},"excerpt":{"rendered":"<p>Container inox GN 1\/4, h-100 mm. Parametri: 265x162x100 mm; Volum: 2,8 L; Material: inox.<\/p>\n","protected":false},"featured_media":19791,"template":"","meta":[],"_links":{"self":[{"href":"https:\/\/evotek.md\/ro\/wp-json\/wp\/v2\/product\/10395"}],"collection":[{"href":"https:\/\/evotek.md\/ro\/wp-json\/wp\/v2\/product"}],"about":[{"href":"https:\/\/evotek.md\/ro\/wp-json\/wp\/v2\/types\/product"}],"wp:featuredmedia":[{"embeddable":true,"href":"https:\/\/evotek.md\/ro\/wp-json\/wp\/v2\/media\/19791"}],"wp:attachment":[{"href":"https:\/\/evotek.md\/ro\/wp-json\/wp\/v2\/media?parent=10395"}],"curies":[{"name":"wp","href":"https:\/\/api.w.org\/{rel}","templated":true}]}}