{"id":1038,"date":"2020-02-05T07:38:05","date_gmt":"2020-02-05T07:39:46","guid":{"rendered":"https:\/\/evotek.md\/?post_type=product&#038;p=1038"},"modified":"2023-04-18T09:39:56","modified_gmt":"2023-04-18T09:39:56","slug":"crepier-electric-pentru-clatite-hkn-cde400","status":"publish","type":"product","link":"https:\/\/evotek.md\/ro\/produse\/echipamente-pentru-fast-food\/crepiere\/crepier-electric-pentru-clatite-hkn-cde400\/","title":{"rendered":"APARAT ELECTRIC PENTRU CLATITE, CU 2 SUPRAFETE -HKN-CDE400"},"content":{"rendered":"<p><strong>APARAT ELECTRIC PENTRU CLATITE, CU 2 SUPRAFETE -HKN-CDE400-<\/strong> Acest model este echipat cu dou\u0103 suprafe\u021be de lucru, cu diametru de 400 mm. Este folosit pentru pr\u0103jirea cl\u0103titelor in form\u0103 rotund\u0103.<\/p>\n<p>Carcasa modelului este fabricat\u0103 din o\u021bel inoxidabil, suprafa\u021ba de pr\u0103jit este din font\u0103. Aparatul are dimensiuni de 880x450x230 mm. Este conectat la o re\u021bea de 230 V. Consumul maxim de energie este de 6 kW. Greutatea total\u0103 a echipamentului este de 21,6 kg.<\/p>\n<p>Caracteristici<\/p>\n<p>Brand Hurakan<\/p>\n<p>Dimensiuni: 880x450x230 mm<\/p>\n<p>Putere: 6 kW<\/p>\n<p>Conectare: 230 V<\/p>\n<p>Greutate net\u0103: 21,6 kg<\/p>\n","protected":false},"excerpt":{"rendered":"<p>Aparat pentru cl\u0103tite cu dou\u0103 suprafe\u021be de lucru: Dimensiuni: 880x450x230 mm; Putere: 6 kW; Conectare: 230 V; Suprafe\u021bele de lucru sunt de: 400 mm.<\/p>\n","protected":false},"featured_media":1037,"template":"","meta":[],"_links":{"self":[{"href":"https:\/\/evotek.md\/ro\/wp-json\/wp\/v2\/product\/1038"}],"collection":[{"href":"https:\/\/evotek.md\/ro\/wp-json\/wp\/v2\/product"}],"about":[{"href":"https:\/\/evotek.md\/ro\/wp-json\/wp\/v2\/types\/product"}],"wp:featuredmedia":[{"embeddable":true,"href":"https:\/\/evotek.md\/ro\/wp-json\/wp\/v2\/media\/1037"}],"wp:attachment":[{"href":"https:\/\/evotek.md\/ro\/wp-json\/wp\/v2\/media?parent=1038"}],"curies":[{"name":"wp","href":"https:\/\/api.w.org\/{rel}","templated":true}]}}