{"id":1033,"date":"2020-02-05T07:28:15","date_gmt":"2020-02-05T07:35:57","guid":{"rendered":"https:\/\/evotek.md\/?post_type=product&#038;p=1033"},"modified":"2023-04-18T09:38:18","modified_gmt":"2023-04-18T09:38:18","slug":"crepier-electric-pentru-clatite-hkn-cse400","status":"publish","type":"product","link":"https:\/\/evotek.md\/ro\/produse\/echipamente-pentru-fast-food\/crepiere\/crepier-electric-pentru-clatite-hkn-cse400\/","title":{"rendered":"APARAT ELECTRIC PENTRU CLATITE HKN-CSE400"},"content":{"rendered":"<p><strong>APARAT ELECTRIC PENTRU CLATITE HKN-CSE400-<\/strong> Acest model este echipat cu o suprafa\u021b\u0103 de lucru, al c\u0103rui diametru este de 400 mm. Acesta ofer\u0103 posibilitatea de a pr\u0103ji cl\u0103titele uniform.<\/p>\n<p>Carcasa modelului este din o\u021bel inoxidabil, suprafa\u021ba de pr\u0103jit este din font\u0103.<br \/>\nCrepiera are dimensiunile 490x450x230 mm. Este conectat\u0103 la o re\u021bea de 230 V. Consumul maxim de energie de 3 kW. Greutatea total\u0103 a echipamentului este de 12,8 kg.<\/p>\n<p>Caracteristici<\/p>\n<p>Brand Hurakan<\/p>\n<p>Dimensiuni: 490x450x230 mm<\/p>\n<p>Putere: 3 kW<\/p>\n<p>Conectare: 230 V<\/p>\n<p>Greutate net\u0103: 12,8<\/p>\n","protected":false},"excerpt":{"rendered":"<p>Aparat pentru cl\u0103tite cu o suprafa\u021b\u0103 de lucru. Dimensiuni: 490x450x230 mm; Putere: 3 kW; Conectare 230 V; Suprafa\u021ba de lucru are 400 mm.<\/p>\n","protected":false},"featured_media":1032,"template":"","meta":[],"_links":{"self":[{"href":"https:\/\/evotek.md\/ro\/wp-json\/wp\/v2\/product\/1033"}],"collection":[{"href":"https:\/\/evotek.md\/ro\/wp-json\/wp\/v2\/product"}],"about":[{"href":"https:\/\/evotek.md\/ro\/wp-json\/wp\/v2\/types\/product"}],"wp:featuredmedia":[{"embeddable":true,"href":"https:\/\/evotek.md\/ro\/wp-json\/wp\/v2\/media\/1032"}],"wp:attachment":[{"href":"https:\/\/evotek.md\/ro\/wp-json\/wp\/v2\/media?parent=1033"}],"curies":[{"name":"wp","href":"https:\/\/api.w.org\/{rel}","templated":true}]}}