{"id":10286,"date":"2020-05-08T14:26:42","date_gmt":"2020-05-08T14:27:18","guid":{"rendered":"https:\/\/evotek.md\/?post_type=product&#038;p=10286"},"modified":"2023-08-23T11:50:35","modified_gmt":"2023-08-23T11:50:35","slug":"tava-gastronom-gn-1-1-h-200-mm-st-111200","status":"publish","type":"product","link":"https:\/\/evotek.md\/ro\/produse\/accesorii-si-inventar-bucatarie\/containere-gn\/tava-gastronom-gn-1-1-h-200-mm-st-111200\/","title":{"rendered":"CONTAINER INOX GN1\/1 h200 mm (26 litri) -ST-111200"},"content":{"rendered":"<p><strong>CONTAINER INOX GN1\/1 h200 mm (26 litri) -ST-111200- <\/strong>Recipientele gastronormice sunt un atribut integral al unei buc\u0103t\u0103rii profesionale. Acestea sunt destinate depozit\u0103rii, transport\u0103rii produselor alimentare, pentru afi\u0219area \u00eentr-o vitrin\u0103 sau a unei cafenele, uneori folosite pentru g\u0103tirea m\u00e2nc\u0103rurilor, de exemplu, sosuri. Recipientele gastronormice sunt fabricate din inox de \u00eenalt\u0103 calitate.<\/p>\n<p>Caracteristici<\/p>\n<p>Dimensiune: GN 1\/1<\/p>\n<p>Parametri: 530x325x200 mm<\/p>\n<p>Volumul: 26 L<\/p>\n<p>Material: inox<\/p>\n<p>&nbsp;<\/p>\n","protected":false},"excerpt":{"rendered":"<p>Container inox GN 1\/1, h-200 mm. Parametri: 530x325x200 mm; Volum: 26 L; Material: inox.<\/p>\n","protected":false},"featured_media":19797,"template":"","meta":[],"_links":{"self":[{"href":"https:\/\/evotek.md\/ro\/wp-json\/wp\/v2\/product\/10286"}],"collection":[{"href":"https:\/\/evotek.md\/ro\/wp-json\/wp\/v2\/product"}],"about":[{"href":"https:\/\/evotek.md\/ro\/wp-json\/wp\/v2\/types\/product"}],"wp:featuredmedia":[{"embeddable":true,"href":"https:\/\/evotek.md\/ro\/wp-json\/wp\/v2\/media\/19797"}],"wp:attachment":[{"href":"https:\/\/evotek.md\/ro\/wp-json\/wp\/v2\/media?parent=10286"}],"curies":[{"name":"wp","href":"https:\/\/api.w.org\/{rel}","templated":true}]}}