{"id":10275,"date":"2020-05-08T14:12:35","date_gmt":"2020-05-08T14:13:03","guid":{"rendered":"https:\/\/evotek.md\/?post_type=product&#038;p=10275"},"modified":"2023-08-23T11:44:58","modified_gmt":"2023-08-23T11:44:58","slug":"tava-gastronom-gn-1-1-eco-h-150-mm-st-111151","status":"publish","type":"product","link":"https:\/\/evotek.md\/ro\/produse\/accesorii-si-inventar-bucatarie\/containere-gn\/tava-gastronom-gn-1-1-eco-h-150-mm-st-111151\/","title":{"rendered":"CONTAINER INOX GN1\/1 h150 mm ECO (19 litri) -ST-111151"},"content":{"rendered":"<p><strong>CONTAINER INOX GN1\/1 h150 mm ECO (19 litri) -ST-111151- <\/strong>Recipientele gastronormice sunt un atribut integral al unei buc\u0103t\u0103rii profesionale. Acestea sunt destinate depozit\u0103rii, transport\u0103rii produselor alimentare, pentru afi\u0219area \u00eentr-o vitrin\u0103 sau a unei cafenele, uneori folosite pentru g\u0103tirea m\u00e2nc\u0103rurilor, de exemplu, sosuri. Recipientele gastronormice sunt fabricate din inox de \u00eenalt\u0103 calitate.<\/p>\n<p>Caracteristici<\/p>\n<p>Dimensiune: GN 1\/1<\/p>\n<p>Parametri: 530x325x150 mm<\/p>\n<p>Volumul: 19 L<\/p>\n<p>Material: inox<\/p>\n<p>&nbsp;<\/p>\n<p>&nbsp;<\/p>\n","protected":false},"excerpt":{"rendered":"<p>Container inox GN 1\/1 ECO, h-150 mm. Parametri: 530x325x150 mm; Volum: 19 L; Material: inox.<\/p>\n","protected":false},"featured_media":10281,"template":"","meta":[],"_links":{"self":[{"href":"https:\/\/evotek.md\/ro\/wp-json\/wp\/v2\/product\/10275"}],"collection":[{"href":"https:\/\/evotek.md\/ro\/wp-json\/wp\/v2\/product"}],"about":[{"href":"https:\/\/evotek.md\/ro\/wp-json\/wp\/v2\/types\/product"}],"wp:featuredmedia":[{"embeddable":true,"href":"https:\/\/evotek.md\/ro\/wp-json\/wp\/v2\/media\/10281"}],"wp:attachment":[{"href":"https:\/\/evotek.md\/ro\/wp-json\/wp\/v2\/media?parent=10275"}],"curies":[{"name":"wp","href":"https:\/\/api.w.org\/{rel}","templated":true}]}}