{"id":10211,"date":"2020-05-08T12:05:32","date_gmt":"2020-05-08T12:05:32","guid":{"rendered":"https:\/\/evotek.md\/?post_type=product&#038;p=10211"},"modified":"2020-11-24T12:27:29","modified_gmt":"2020-11-24T12:27:29","slug":"hota-de-tip-central-cu-filtre","status":"publish","type":"product","link":"https:\/\/evotek.md\/ro\/produse\/mobila-din-inox\/hote-din-inox\/hote-de-tip-central\/hota-de-tip-central-cu-filtre\/","title":{"rendered":"HOT\u0102 DE TIP ECENTRAL, DIN INOX 5000x2470xx400mm-EMP.ODVL.50244-M"},"content":{"rendered":"<p><strong>HOT\u0102 DE TIP ECENTRAL, DIN INOX 5000x2470xx400mm\u00a0-EMP.ODVL.50244-M- <\/strong>purific\u0103 \u00een mod eficient aerul, saturat de aromele de pr\u0103jit, a garniturii de usturoi \u0219i copturilor. Aceasta este capabil\u0103 s\u0103 \u00eendep\u0103rteze rapid mirosul din interior, \u00eempiedic\u00e2nd r\u0103sp\u00e2ndirea acestuia.<\/p>\n<p>Caracteristici<\/p>\n<p>Parametri mm: 5000x2470xx400<\/p>\n<p>Filtre: 16 Filtru<\/p>\n","protected":false},"excerpt":{"rendered":"<p>Hote cu filtre de tip central. Parametri mm: 5000x2470xx400; Filtre: 16 Filtru<\/p>\n","protected":false},"featured_media":10185,"template":"","meta":[],"_links":{"self":[{"href":"https:\/\/evotek.md\/ro\/wp-json\/wp\/v2\/product\/10211"}],"collection":[{"href":"https:\/\/evotek.md\/ro\/wp-json\/wp\/v2\/product"}],"about":[{"href":"https:\/\/evotek.md\/ro\/wp-json\/wp\/v2\/types\/product"}],"wp:featuredmedia":[{"embeddable":true,"href":"https:\/\/evotek.md\/ro\/wp-json\/wp\/v2\/media\/10185"}],"wp:attachment":[{"href":"https:\/\/evotek.md\/ro\/wp-json\/wp\/v2\/media?parent=10211"}],"curies":[{"name":"wp","href":"https:\/\/api.w.org\/{rel}","templated":true}]}}