{"id":1016,"date":"2020-02-04T15:46:15","date_gmt":"2020-02-04T15:49:00","guid":{"rendered":"https:\/\/evotek.md\/?post_type=product&#038;p=1016"},"modified":"2023-04-20T07:56:14","modified_gmt":"2023-04-20T07:56:14","slug":"masina-de-spalat-pahare-af400","status":"publish","type":"product","link":"https:\/\/evotek.md\/ro\/produse\/utilaje-pentru-spalare-vase\/masina-de-spalat-pahare\/masina-de-spalat-pahare-af400\/","title":{"rendered":"MASINA DE SPALAT PAHARE FRONTALA -APACH-AF400"},"content":{"rendered":"<p><strong>MASINA DE SPALAT PAHARE FRONTALA -APACH-AF400-<\/strong> de tip frontal este capabil\u0103 s\u0103 spele p\u00e2n\u0103 la 30 de co\u0219uri \u00eentr-o or\u0103. Acest echipament este o alegere excelent\u0103 pentru restaurante, baruri, cafenele, \u00a0unde dori\u021bi s\u0103 sp\u0103la\u021bi un num\u0103r mare de pahare \u0219i c\u0103ni.<\/p>\n<p>Furtunurile de ap\u0103 sunt fabricate din o\u021bel inoxidabil. U\u0219a este realizat\u0103 cu pere\u021bi dubli, care se reflect\u0103 \u00een izolarea termic\u0103 \u00eembun\u0103t\u0103\u021bit\u0103 \u0219i nivelul sc\u0103zut de zgomot \u00een timpul func\u021bion\u0103rii ma\u0219inii.<br \/>\nCaracteristicile modelului: tip frontal; control electromecanic; conectare la ap\u0103; spal\u0103 p\u00e2n\u0103 la 30 de co\u0219uri pe or\u0103; ciclu de sp\u0103lare unul &#8211; 120 secunde; dimensiunea co\u0219ului &#8211; 38,5&#215;38,5 cm; \u00a0\u00een\u0103l\u021bimea ferestrei de \u00eenc\u0103rcare a casetelor &#8211; 320 mm; dozator de cl\u0103tire a vaselor.<\/p>\n<p><strong>*Pentru a beneficia de garan\u021bie este obligatoriu de a fi instalat filtru DVA pentru acest echipament.<\/strong><\/p>\n<p>Caracteristici<\/p>\n<p>Parametri tehnici: conexiune &#8211; 230 V; puterea ma\u0219inii &#8211; 3,5 kW.<\/p>\n<p>Brand Apach<\/p>\n<p>Dimensiuni: 670x436x535 mm<\/p>\n<p>Putere: 3,5 kW<\/p>\n<p>Greutate net\u0103: 31 kg<\/p>\n<p>&nbsp;<\/p>\n","protected":false},"excerpt":{"rendered":"<p>Ma\u0219ina de sp\u0103lat pahare de tip frontal. Dimensiuni: 670x436x535 mm; Putere: 3,5 kW; Conexiune: 230 V; Spal\u0103 p\u00e2n\u0103 la 30 de co\u0219uri pe or\u0103; Dimensiunea co\u0219ului: 38,5&#215;38,5 cm; \u00cen\u0103l\u021bimea ferestrei de \u00eenc\u0103rcare a casetelor: 320 mm.<\/p>\n<p><strong>*Recomand\u0103m instalarea adi\u021bional\u0103 a unui filtru DVA pentru o bun\u0103 func\u021bionare a ma\u0219inii de sp\u0103lat.<\/strong><\/p>\n","protected":false},"featured_media":1015,"template":"","meta":[],"_links":{"self":[{"href":"https:\/\/evotek.md\/ro\/wp-json\/wp\/v2\/product\/1016"}],"collection":[{"href":"https:\/\/evotek.md\/ro\/wp-json\/wp\/v2\/product"}],"about":[{"href":"https:\/\/evotek.md\/ro\/wp-json\/wp\/v2\/types\/product"}],"wp:featuredmedia":[{"embeddable":true,"href":"https:\/\/evotek.md\/ro\/wp-json\/wp\/v2\/media\/1015"}],"wp:attachment":[{"href":"https:\/\/evotek.md\/ro\/wp-json\/wp\/v2\/media?parent=1016"}],"curies":[{"name":"wp","href":"https:\/\/api.w.org\/{rel}","templated":true}]}}