{"id":10137,"date":"2020-05-08T11:15:43","date_gmt":"2020-05-08T11:15:43","guid":{"rendered":"https:\/\/evotek.md\/?post_type=product&#038;p=10137"},"modified":"2020-09-25T13:31:55","modified_gmt":"2020-09-25T13:31:55","slug":"hota-de-perete-cu-filtre","status":"publish","type":"product","link":"https:\/\/evotek.md\/ro\/produse\/mobila-din-inox\/hote-din-inox\/hota-de-perete-cu-filtre\/","title":{"rendered":"HOT\u0102 DE PERETE CU 8 FILTRE -EMP.DDVLK.50115"},"content":{"rendered":"<p><strong>HOT\u0102 DE PERETE CU 8 FILTRE -EMP.DDVLK.50115- <\/strong>purific\u0103 \u00een mod eficient aerul, saturat de aromele de pr\u0103jit, a garniturii de usturoi \u0219i copturilor. Aceasta este capabil\u0103 s\u0103 \u00eendep\u0103rteze rapid mirosul din interior, \u00eempiedic\u00e2nd r\u0103sp\u00e2ndirea acestuia.<\/p>\n<p>Caracteristici<\/p>\n<p>Parametri mm: 5000x1100x500<\/p>\n<p>Filtre: 8 Filtru<\/p>\n<p>&nbsp;<\/p>\n","protected":false},"excerpt":{"rendered":"<p>Hot\u0103 cu filtre de tip central. Parametri mm: 5000x1100x500; Filtre: 8 Filtru<\/p>\n","protected":false},"featured_media":10124,"template":"","meta":[],"_links":{"self":[{"href":"https:\/\/evotek.md\/ro\/wp-json\/wp\/v2\/product\/10137"}],"collection":[{"href":"https:\/\/evotek.md\/ro\/wp-json\/wp\/v2\/product"}],"about":[{"href":"https:\/\/evotek.md\/ro\/wp-json\/wp\/v2\/types\/product"}],"wp:featuredmedia":[{"embeddable":true,"href":"https:\/\/evotek.md\/ro\/wp-json\/wp\/v2\/media\/10124"}],"wp:attachment":[{"href":"https:\/\/evotek.md\/ro\/wp-json\/wp\/v2\/media?parent=10137"}],"curies":[{"name":"wp","href":"https:\/\/api.w.org\/{rel}","templated":true}]}}