{"id":1012,"date":"2020-02-04T15:42:25","date_gmt":"2020-02-04T15:48:15","guid":{"rendered":"https:\/\/evotek.md\/?post_type=product&#038;p=1012"},"modified":"2023-03-01T14:23:30","modified_gmt":"2023-03-01T14:23:30","slug":"dispozitiv-ru-pentru-kebab-hkn-grm30","status":"publish","type":"product","link":"https:\/\/evotek.md\/ro\/produse\/echipamente-pentru-fast-food\/grill-pentru-kebab\/dispozitiv-ru-pentru-kebab-hkn-grm30\/","title":{"rendered":"APARAT ELECTRIC PENTRU KEBAB, 30 kg -HKN-GRM30"},"content":{"rendered":"<p><strong>APARAT ELECTRIC PENTRU KEBAB, 30 kg -HKN-GRM30-<\/strong> Aparat pentru kebab, este conceput pentru a pr\u0103ji carnea de porc, vit\u0103, miel sau pui special preg\u0103tit\u0103 pe un ac. Designul simplu \u0219i fiabil garanteaz\u0103 pr\u0103jirea uniform\u0103 a c\u0103rnii \u0219i \u00eei confer\u0103 o crust\u0103 ro\u0219ie. Carnea este suculent\u0103 \u0219i aromat\u0103!<\/p>\n<p>Caracteristici<br \/>\nLungime: 600 mm<br \/>\nLatime: 450 mm<br \/>\nInaltime: 762 mm<br \/>\nGreutate neta: 18 kg<br \/>\nGreutate bruta: 15 kg<br \/>\nTensiune: 220V<br \/>\nPutere: 6 kW<br \/>\nMaterial carcasa: otel inoxidabil<br \/>\nDistan\u021b\u0103 reglabil\u0103 \u00eentre elementele de \u00eenc\u0103lzire \u0219i carne<br \/>\n3 zone de incalzire<br \/>\nFara actionare electrica<br \/>\nInaltime pin: 60 cm<br \/>\nPosibilitatea de a praji pana la 30 kg de carne<\/p>\n","protected":false},"excerpt":{"rendered":"<p>Aparat pentru kebab 30 kg cu un ac pentru carne de 60 cm \u00een\u0103l\u021bime. Dimensiuni: 450x600x762 mm; Putere: 6 kW; Conectare: 230 V.<\/p>\n","protected":false},"featured_media":1011,"template":"","meta":[],"_links":{"self":[{"href":"https:\/\/evotek.md\/ro\/wp-json\/wp\/v2\/product\/1012"}],"collection":[{"href":"https:\/\/evotek.md\/ro\/wp-json\/wp\/v2\/product"}],"about":[{"href":"https:\/\/evotek.md\/ro\/wp-json\/wp\/v2\/types\/product"}],"wp:featuredmedia":[{"embeddable":true,"href":"https:\/\/evotek.md\/ro\/wp-json\/wp\/v2\/media\/1011"}],"wp:attachment":[{"href":"https:\/\/evotek.md\/ro\/wp-json\/wp\/v2\/media?parent=1012"}],"curies":[{"name":"wp","href":"https:\/\/api.w.org\/{rel}","templated":true}]}}