{"id":10094,"date":"2020-05-08T10:06:45","date_gmt":"2020-05-08T10:06:45","guid":{"rendered":"https:\/\/evotek.md\/?post_type=product&#038;p=10094"},"modified":"2020-10-21T10:37:32","modified_gmt":"2020-10-21T10:37:32","slug":"rafturi-perforate-cu-4-nivele-1800-mm-2","status":"publish","type":"product","link":"https:\/\/evotek.md\/ro\/produse\/rafturi-depozitare\/rafturi-perforate\/rafturi-perforate-cu-4-nivele-1800-mm-2\/","title":{"rendered":"RAFT PERFORAT CU 4 NIVELE (1800 mm)-EMP.D.2.61183-18-4-D"},"content":{"rendered":"<p><strong>RAFT PERFORAT CU 4 NIVELE <\/strong><strong>(1800 <\/strong><strong>mm<\/strong><strong>)-<em>EMP.D.2.61183-18-4-D-<\/em> <\/strong>Este destinat depozit\u0103rii ustensilelor de buc\u0103t\u0103rie \u0219i a produselor alimentare ambalate la \u00eentreprinderile de alimenta\u021bie public\u0103 \u0219i comer\u021b. Designul suportului include 4 rafturi.<\/p>\n<p>Caracteristici<\/p>\n<p>Dimensiuni mm: 610x1830x1800<\/p>\n","protected":false},"excerpt":{"rendered":"<p>Raft perforat din inox cu 4 nivele (1800 mm).\u00a0Dimensiuni mm: 610x1830x1800<\/p>\n","protected":false},"featured_media":10026,"template":"","meta":[],"_links":{"self":[{"href":"https:\/\/evotek.md\/ro\/wp-json\/wp\/v2\/product\/10094"}],"collection":[{"href":"https:\/\/evotek.md\/ro\/wp-json\/wp\/v2\/product"}],"about":[{"href":"https:\/\/evotek.md\/ro\/wp-json\/wp\/v2\/types\/product"}],"wp:featuredmedia":[{"embeddable":true,"href":"https:\/\/evotek.md\/ro\/wp-json\/wp\/v2\/media\/10026"}],"wp:attachment":[{"href":"https:\/\/evotek.md\/ro\/wp-json\/wp\/v2\/media?parent=10094"}],"curies":[{"name":"wp","href":"https:\/\/api.w.org\/{rel}","templated":true}]}}