{"id":1007,"date":"2020-02-04T15:39:11","date_gmt":"2020-02-04T15:39:11","guid":{"rendered":"https:\/\/evotek.md\/?post_type=product&#038;p=1007"},"modified":"2020-02-26T10:19:06","modified_gmt":"2020-02-26T10:19:06","slug":"cutit-pentru-kebab-hkn-odkm","status":"publish","type":"product","link":"https:\/\/evotek.md\/ro\/produse\/echipamente-pentru-fast-food\/grill-pentru-kebab\/cutit-pentru-kebab-hkn-odkm\/","title":{"rendered":"CU\u021aIT PENTRU KEBAB HKN-ODKM"},"content":{"rendered":"<p><strong>CU\u021aIT PENTRU KEBAB HKN-ODKM<\/strong> &#8211; electric, potrivit pentru taierea uniforma si comod\u0103 a c\u0103rnii de pe grill-urile pentru kebab. pentru unit\u0103\u021bile de fast-food este un accesoriu foarte util deoarece taie rapid carnea f\u0103r\u0103 prea mult efort. Este conectat la o surs\u0103 de alimentare separat\u0103 de 220 V (cu\u021bitul este prev\u0103zut cu un fir \u0219i un conector in priz\u0103 la 220 V).<\/p>\n<p>Caracteristici<\/p>\n<p>Brand Hurakan<\/p>\n<p>m\u00e2ner vertical<\/p>\n<p>Dimensiuni:165x190x110 mm<\/p>\n<p>Putere: 0,08 kW<\/p>\n<p>Greutate net\u0103: 1,6 kg<\/p>\n","protected":false},"excerpt":{"rendered":"<p>Cu\u021bit electric pentru t\u0103ierea c\u0103rnii de pe grill-uri pentru kebab. Dimensiuni:165x190x110 mm;\u00a0Putere: 0,08 kW; Greutate net\u0103: 1,6 kg; Cu\u021bitul este prev\u0103zut cu un fir \u0219i un conector in priz\u0103 la 220 V.<\/p>\n","protected":false},"featured_media":1467,"template":"","meta":[],"_links":{"self":[{"href":"https:\/\/evotek.md\/ro\/wp-json\/wp\/v2\/product\/1007"}],"collection":[{"href":"https:\/\/evotek.md\/ro\/wp-json\/wp\/v2\/product"}],"about":[{"href":"https:\/\/evotek.md\/ro\/wp-json\/wp\/v2\/types\/product"}],"wp:featuredmedia":[{"embeddable":true,"href":"https:\/\/evotek.md\/ro\/wp-json\/wp\/v2\/media\/1467"}],"wp:attachment":[{"href":"https:\/\/evotek.md\/ro\/wp-json\/wp\/v2\/media?parent=1007"}],"curies":[{"name":"wp","href":"https:\/\/api.w.org\/{rel}","templated":true}]}}