{"id":1002,"date":"2020-02-04T15:28:59","date_gmt":"2020-02-04T15:34:34","guid":{"rendered":"https:\/\/evotek.md\/?post_type=product&#038;p=1002"},"modified":"2023-03-01T14:11:00","modified_gmt":"2023-03-01T14:11:00","slug":"hkn-gr30","status":"publish","type":"product","link":"https:\/\/evotek.md\/ro\/produse\/echipamente-pentru-fast-food\/grill-pentru-kebab\/hkn-gr30\/","title":{"rendered":"APARAT ELECTRIC PENTRU KEBAB,\u00a030 kg -HKN-GR30"},"content":{"rendered":"<p><strong>APARAT ELECTRIC PENTRU KEBAB, 30 kg -HKN-GR30-\u00a0<\/strong>Aparatul de shawarma Hurakan este conceput pentru a praji carnea special preparata de porc, vita, miel si pui. Este echipat cu ac\u021bionarea electric\u0103 de rota\u021bie a unei spi\u021be. Potrivit pentru utilizare \u00een unit\u0103\u021bi de fast-food, magazine stradale \u0219i restaurante.<\/p>\n<p>Caracteristici<br \/>\nLungime: 534 mm<br \/>\nLatime: 607 mm<br \/>\nInaltime: 960 mm<br \/>\nGreutate neta: 31 kg<br \/>\nGreutate brut\u0103: 31,6 kg<br \/>\nLungimea ambalajului: 630 mm<br \/>\nLatime ambalat: 670 mm<br \/>\n\u00cen\u0103l\u021bimea ambalajului: 1030 mm<br \/>\nTensiune: 380V<br \/>\nPutere: 8,1 kW<br \/>\nViteza de rotatie: 2,5 rpm<br \/>\nMaterial carcasa: otel inoxidabil<br \/>\nDistan\u021b\u0103 reglabil\u0103 \u00eentre elementele de \u00eenc\u0103lzire \u0219i carne<br \/>\nLungime ac: 650 mm<br \/>\nSarcina maxima 30 kg<br \/>\n3 zone de \u00eenc\u0103lzire, 6 \u00eenc\u0103lzitoare<br \/>\nMotor de jos<\/p>\n","protected":false},"excerpt":{"rendered":"<p>Aparat pentru kebab 30 kg, dotat cu un dispozitiv ce permite rota\u021bia electric\u0103 a acului. Dimensiuni: 534x607x960 mm; Putere: 9,9 kW; Conectare: 380 V; Greutate net\u0103: 31 kg; Viteza de rota\u021bie este de 2,5 rotatii pe minut.<\/p>\n","protected":false},"featured_media":1469,"template":"","meta":[],"_links":{"self":[{"href":"https:\/\/evotek.md\/ro\/wp-json\/wp\/v2\/product\/1002"}],"collection":[{"href":"https:\/\/evotek.md\/ro\/wp-json\/wp\/v2\/product"}],"about":[{"href":"https:\/\/evotek.md\/ro\/wp-json\/wp\/v2\/types\/product"}],"wp:featuredmedia":[{"embeddable":true,"href":"https:\/\/evotek.md\/ro\/wp-json\/wp\/v2\/media\/1469"}],"wp:attachment":[{"href":"https:\/\/evotek.md\/ro\/wp-json\/wp\/v2\/media?parent=1002"}],"curies":[{"name":"wp","href":"https:\/\/api.w.org\/{rel}","templated":true}]}}