{"id":27669,"date":"2022-03-02T10:03:23","date_gmt":"2022-03-02T10:03:23","guid":{"rendered":"https:\/\/evotek.md\/?page_id=27669"},"modified":"2022-03-02T10:14:26","modified_gmt":"2022-03-02T10:14:26","slug":"service-centru","status":"publish","type":"page","link":"https:\/\/evotek.md\/ro\/service-centru\/","title":{"rendered":"Service Centru"},"content":{"rendered":"\n\n\n\n  <div class=\"banner has-hover\" id=\"banner-684273519\">\n          <div class=\"banner-inner fill\">\n        <div class=\"banner-bg fill\" >\n            <div class=\"bg fill bg-fill bg-loaded\"><\/div>\n                                    \n                    <\/div><!-- bg-layers -->\n        <div class=\"banner-layers container\">\n            <div class=\"fill banner-link\"><\/div>            \n\n   <div id=\"text-box-2146025357\" class=\"text-box banner-layer x50 md-x50 lg-x50 y50 md-y50 lg-y50 res-text\">\n                                <div class=\"text dark\">\n              \n              <div class=\"text-inner text-center\">\n                  \n\n<h1 class=\"lead\" style=\"text-align: center;\"><span style=\"color: #ffffff; font-size: 110%;\"><strong>Service Centru<\/strong><\/span><\/h1>\n<p style=\"text-align: center;\"><span style=\"color: #ffffff; font-size: 110%;\"><strong>Evotek.md comercializeaz\u0103 solu\u021bii complete de echipamente \u0219i utilaje pentru sectorul HoReCa \u00een Republica Moldova. <\/strong><\/span><\/p>\n<p style=\"text-align: center;\"><span style=\"color: #ffffff; font-size: 110%;\"><strong>Punem la dispozi\u021bia clien\u021bilor no\u0219tri serviciile de consultan\u021b\u0103, proiectare \u0219i service pentru: Restaurante, hoteluri, catering, fast-food, pizzerii, covrigarii, bar, cafenea, supermarket, magazine alimentare, depozitare frigorific\u0103, benzin\u0103rii, cantine \u0219i alte unit\u0103\u021bi de alimenta\u021bie public\u0103.<\/strong><\/span><\/p>\n\n              <\/div>\n           <\/div><!-- text-box-inner -->\n                            \n<style scope=\"scope\">\n\n#text-box-2146025357 {\n  width: 60%;\n}\n#text-box-2146025357 .text {\n  font-size: 100%;\n}\n<\/style>\n    <\/div><!-- text-box -->\n \n\n        <\/div><!-- .banner-layers -->\n      <\/div><!-- .banner-inner -->\n\n            \n<style scope=\"scope\">\n\n#banner-684273519 {\n  padding-top: 500px;\n}\n<\/style>\n  <\/div><!-- .banner -->\n\n\n<div class=\"is-divider divider clearfix\" ><\/div><!-- .divider -->\n\n<p style=\"text-align: center;\">Adresa: mun. Chi\u0219in\u0103u, str. Academiei 11\/2<\/p>\n<p style=\"text-align: center;\">Program de lucru: Luni-Vineri 9:00-18:00 (pauza de masa 13:00-14:00)<\/p>\n<p style=\"text-align: center;\">Sambata: \u00cen baz\u0103 de programare<\/p>\n<p style=\"text-align: center;\">Duminica: Zi liber\u0103<\/p>\n<p style=\"text-align: center;\">tel: 069099980&nbsp; 079613999<\/p>\n<p style=\"text-align: center;\">e-mail: info@evotek.md<\/p>\n\n","protected":false},"excerpt":{"rendered":"<p>Adresa: mun. Chi\u0219in\u0103u, str. Academiei 11\/2 Program de lucru: Luni-Vineri 9:00-18:00 (pauza de masa 13:00-14:00) Sambata: \u00cen baz\u0103 de programare Duminica: Zi liber\u0103 tel: 069099980&nbsp; 079613999 e-mail: info@evotek.md<\/p>\n","protected":false},"author":1,"featured_media":0,"parent":0,"menu_order":0,"comment_status":"closed","ping_status":"closed","template":"","meta":[],"_links":{"self":[{"href":"https:\/\/evotek.md\/ro\/wp-json\/wp\/v2\/pages\/27669"}],"collection":[{"href":"https:\/\/evotek.md\/ro\/wp-json\/wp\/v2\/pages"}],"about":[{"href":"https:\/\/evotek.md\/ro\/wp-json\/wp\/v2\/types\/page"}],"author":[{"embeddable":true,"href":"https:\/\/evotek.md\/ro\/wp-json\/wp\/v2\/users\/1"}],"replies":[{"embeddable":true,"href":"https:\/\/evotek.md\/ro\/wp-json\/wp\/v2\/comments?post=27669"}],"version-history":[{"count":2,"href":"https:\/\/evotek.md\/ro\/wp-json\/wp\/v2\/pages\/27669\/revisions"}],"predecessor-version":[{"id":27671,"href":"https:\/\/evotek.md\/ro\/wp-json\/wp\/v2\/pages\/27669\/revisions\/27671"}],"wp:attachment":[{"href":"https:\/\/evotek.md\/ro\/wp-json\/wp\/v2\/media?parent=27669"}],"curies":[{"name":"wp","href":"https:\/\/api.w.org\/{rel}","templated":true}]}}